{"id":4309,"date":"2023-04-18T09:58:07","date_gmt":"2023-04-18T07:58:07","guid":{"rendered":"https:\/\/gz-gs.at\/?page_id=4309"},"modified":"2024-07-26T11:30:53","modified_gmt":"2024-07-26T09:30:53","slug":"rezeptanfrage-2","status":"publish","type":"page","link":"https:\/\/gz-gs.at\/?page_id=4309","title":{"rendered":"Rezeptanfrage"},"content":{"rendered":"\n<style type=\"text\/css\" data-created_by=\"avia_inline_auto\" id=\"style-css-av-2vnll0l-8812cdb634bf773c112851d9a9ede86d\">\n.avia-section.av-2vnll0l-8812cdb634bf773c112851d9a9ede86d{\nbackground-color:#f3eee9;\nbackground-image:unset;\n}\n<\/style>\n<div id='av_section_1'  class='avia-section av-2vnll0l-8812cdb634bf773c112851d9a9ede86d main_color avia-section-default avia-no-border-styling  avia-builder-el-0  el_before_av_section  avia-builder-el-first  avia-bg-style-scroll container_wrap sidebar_right'  ><div class='container av-section-cont-open' ><main  role=\"main\" itemprop=\"mainContentOfPage\"  class='template-page content  av-content-small alpha units'><div class='post-entry post-entry-type-page post-entry-4309'><div class='entry-content-wrapper clearfix'>\n\n<style type=\"text\/css\" data-created_by=\"avia_inline_auto\" id=\"style-css-av-2ugog0l-9ee8890c161ef130115f19ce4e9aaba7\">\n#top .av-special-heading.av-2ugog0l-9ee8890c161ef130115f19ce4e9aaba7{\npadding-bottom:10px;\n}\nbody .av-special-heading.av-2ugog0l-9ee8890c161ef130115f19ce4e9aaba7 .av-special-heading-tag .heading-char{\nfont-size:25px;\n}\n.av-special-heading.av-2ugog0l-9ee8890c161ef130115f19ce4e9aaba7 .av-subheading{\nfont-size:15px;\n}\n\n@media only screen and (max-width: 479px){ \n#top #wrap_all .av-special-heading.av-2ugog0l-9ee8890c161ef130115f19ce4e9aaba7 .av-special-heading-tag{\nfont-size:18px;\n}\n}\n<\/style>\n<div  class='av-special-heading av-2ugog0l-9ee8890c161ef130115f19ce4e9aaba7 av-special-heading-h1 blockquote modern-quote  avia-builder-el-1  el_before_av_textblock  avia-builder-el-first '><h1 class='av-special-heading-tag '  itemprop=\"headline\"  >REZEPTANFRAGE<\/h1><div class=\"special-heading-border\"><div class=\"special-heading-inner-border\"><\/div><\/div><\/div>\n<section  class='av_textblock_section av-2sqxkv9-bb9c3b47f4bd5c3b583195f20cb66c28 '   itemscope=\"itemscope\" itemtype=\"https:\/\/schema.org\/CreativeWork\" ><div class='avia_textblock'  itemprop=\"text\" ><p>Sehr geehrte Patientinnen und Patienten!<\/p>\n<p>Um Wartezeiten zu minimieren, k\u00f6nnen Sie hier Ihr Rezept f\u00fcr maximal 10 Medikamente vorbestellen.<\/p>\n<p><strong>Achtung! Diese Online-Bestellung ist nur f\u00fcr Medikamente m\u00f6glich,<\/strong><\/p>\n<ul>\n<li><strong> d<\/strong><strong>ie im Rahmen einer Dauertherapie <\/strong><\/li>\n<li><strong>bei uns im Gesundheitszentrum verordnet wurden!<\/strong><\/li>\n<li><strong>daher NICHT BEI URLAUBSVERTRETUNGEN M\u00d6GLICH! (Auch wenn Sie schon einmal vor l\u00e4ngerer Zeit bei uns Ihr Medikament bekommen haben, wenn wir nicht Ihr regul\u00e4rer Hausarzt sind, kommen Sie bitte in die Ordination. Wir brauchen Ihre E-Card und aktuellen Daten)<\/strong><\/li>\n<\/ul>\n<p>Andere Rezepte als jene f\u00fcr Ihre Dauermedikamente k\u00f6nnen ohne vorherigen Besuch bei Ihrem Arzt\/Ihrer \u00c4rztin nicht online bestellt werden.<\/p>\n<p>Bitte beachten Sie:<\/p>\n<ul>\n<li><strong>AM N\u00c4CHSTEN TAG ABHOLBEREIT<\/strong> &#8211; Medikamente, die bis 12:00 (an einem Werktag) bestellte werden, k\u00f6nnen am n\u00e4chsten Werktag direkt in einer Apotheke Ihrer Wahl abgeholt werden (sofern Sie nicht bei ELGA abgemeldet sind). An Freitagen bis 12 Uhr bestellte Rezepte sind am Montag abholbereit.<\/li>\n<li><strong>E-CARD ALLE\u00a0 90 TAGE<\/strong> &#8211; Sie einmal alle 90 Tage zu uns ins Zentrum (egal welcher Standort) kommen und Ihre E-Card stecken lassen.<\/li>\n<li>Bitte nehmen Sie zur Abholung Ihre E-Card in die Apotheke mit.<\/li>\n<li>Bitte f\u00fcllen Sie nachstehende Felder aus. Mit einem Stern * gekennzeichnete Felder sind Pflichtfelder und M\u00dcSSEN ausgef\u00fcllt werden.<\/li>\n<li>Sie bekommen <strong>keine<\/strong> automatische R\u00fcckmeldung per Mail oder SMS.<\/li>\n<\/ul>\n<\/div><\/section>\n\n<style type=\"text\/css\" data-created_by=\"avia_inline_auto\" id=\"style-css-av-2qmildh-7d756a16a572e1205b9ac62926012a45\">\n#top .hr.hr-invisible.av-2qmildh-7d756a16a572e1205b9ac62926012a45{\nmargin-top:-40px;\nheight:1px;\n}\n<\/style>\n<div  class='hr av-2qmildh-7d756a16a572e1205b9ac62926012a45 hr-invisible  avia-builder-el-3  el_after_av_textblock  el_before_av_heading '><span class='hr-inner '><span class=\"hr-inner-style\"><\/span><\/span><\/div>\n\n<style type=\"text\/css\" data-created_by=\"avia_inline_auto\" id=\"style-css-av-2p5rdgl-a96269dfce22325d8c9709e1292fb14e\">\n#top .av-special-heading.av-2p5rdgl-a96269dfce22325d8c9709e1292fb14e{\npadding-bottom:10px;\n}\nbody .av-special-heading.av-2p5rdgl-a96269dfce22325d8c9709e1292fb14e .av-special-heading-tag .heading-char{\nfont-size:25px;\n}\n.av-special-heading.av-2p5rdgl-a96269dfce22325d8c9709e1292fb14e .av-subheading{\nfont-size:15px;\n}\n\n@media only screen and (max-width: 479px){ \n#top #wrap_all .av-special-heading.av-2p5rdgl-a96269dfce22325d8c9709e1292fb14e .av-special-heading-tag{\nfont-size:18px;\n}\n}\n<\/style>\n<div  class='av-special-heading av-2p5rdgl-a96269dfce22325d8c9709e1292fb14e av-special-heading-h1 blockquote modern-quote  avia-builder-el-4  el_after_av_hr  el_before_av_hr '><h1 class='av-special-heading-tag '  itemprop=\"headline\"  >MEDIKAMENTENBESTELLUNG<\/h1><div class=\"special-heading-border\"><div class=\"special-heading-inner-border\"><\/div><\/div><\/div>\n\n<style type=\"text\/css\" data-created_by=\"avia_inline_auto\" id=\"style-css-av-2n8rnvp-fe1da1eb1be96d5cbfe7004afa4889b4\">\n#top .hr.hr-invisible.av-2n8rnvp-fe1da1eb1be96d5cbfe7004afa4889b4{\nheight:20px;\n}\n<\/style>\n<div  class='hr av-2n8rnvp-fe1da1eb1be96d5cbfe7004afa4889b4 hr-invisible  avia-builder-el-5  el_after_av_heading  el_before_av_contact '><span class='hr-inner '><span class=\"hr-inner-style\"><\/span><\/span><\/div>\n<form action=\"https:\/\/gz-gs.at\/?page_id=4309\" method=\"post\" data-fields-with-error=\"Fehler wurden in folgenden Feld(ern) gefunden:\" class=\"avia_ajax_form av-form-labels-hidden   avia-builder-el-6  el_after_av_hr  el_before_av_codeblock   \" data-avia-form-id=\"1\" data-avia-redirect='' ><h3 class=''>Anrede<\/h3><fieldset><p class='  first_form  form_element form_element_fourth' id='element_avia_1_1'><input  name=\"avia_1_1\" class=\"input_checkbox \" type=\"checkbox\" id=\"avia_1_1\" value=\"true\"\/><label class=\"input_checkbox_label\" for=\"avia_1_1\">Frau<\/label><\/p><p class='  form_element form_element_fourth' id='element_avia_2_1'><input  name=\"avia_2_1\" class=\"input_checkbox \" type=\"checkbox\" id=\"avia_2_1\" value=\"true\"\/><label class=\"input_checkbox_label\" for=\"avia_2_1\">Herr<\/label><\/p><p class='  form_element form_element_fourth' id='element_avia_3_1'><input  name=\"avia_3_1\" class=\"input_checkbox \" type=\"checkbox\" id=\"avia_3_1\" value=\"true\"\/><label class=\"input_checkbox_label\" for=\"avia_3_1\">divers\/inter<\/label><\/p><p class='  first_form  form_element form_element_half' id='element_avia_4_1'><label for=\"avia_4_1\">Vorname <abbr class=\"required\" title=\"ben\u00f6tigt\">*<\/abbr><\/label> <input name=\"avia_4_1\" class=\"text_input is_empty\" type=\"text\" id=\"avia_4_1\" value=\"\"  placeholder='Vorname*'\/><\/p><p class='  form_element form_element_half' id='element_avia_5_1'><label for=\"avia_5_1\">Nachname <abbr class=\"required\" title=\"ben\u00f6tigt\">*<\/abbr><\/label> <input name=\"avia_5_1\" class=\"text_input is_empty\" type=\"text\" id=\"avia_5_1\" value=\"\"  placeholder='Nachname*'\/><\/p><p class='  first_form  form_element form_element_third' id='element_avia_6_1'><label for=\"avia_6_1\">SV-Nummer: (zehnstellige Nummer) <abbr class=\"required\" title=\"ben\u00f6tigt\">*<\/abbr><\/label> <input name=\"avia_6_1\" class=\"text_input is_number\" type=\"text\" id=\"avia_6_1\" value=\"\"  placeholder='SV-Nummer: (zehnstellige Nummer)*'\/><\/p><p class='  form_element form_element_two_third' id='element_avia_7_1'><label for=\"avia_7_1\">Telefonnummer <abbr class=\"required\" title=\"ben\u00f6tigt\">*<\/abbr><\/label> <input name=\"avia_7_1\" class=\"text_input is_phone\" type=\"text\" id=\"avia_7_1\" value=\"\"  placeholder='Telefonnummer*'\/><\/p><p id='element_avia_8_1' class=' first_form  form_element form_fullwidth av-form-empty-line '> <\/p><p class='  first_form  form_element form_element_three_fourth' id='element_avia_9_1'><label for=\"avia_9_1\">Medikament XYZ\/100 mg\/100 St\u00fcck <abbr class=\"required\" title=\"ben\u00f6tigt\">*<\/abbr><\/label> <input name=\"avia_9_1\" class=\"text_input is_empty\" type=\"text\" id=\"avia_9_1\" value=\"\"  placeholder='Medikament XYZ\/100 mg\/100 St\u00fcck*'\/><\/p><p class='  form_element form_element_fourth' id='element_avia_10_1'><label for=\"avia_10_1\">Packungsanzahl <abbr class=\"required\" title=\"ben\u00f6tigt\">*<\/abbr><\/label> <input name=\"avia_10_1\" class=\"text_input is_empty\" type=\"text\" id=\"avia_10_1\" value=\"\"  placeholder='Packungsanzahl*'\/><\/p><p class='  first_form  form_element form_element_fourth' id='element_avia_11_1'><label for=\"avia_11_1\">Morgens Stk.<\/label> <input name=\"avia_11_1\" class=\"text_input \" type=\"text\" id=\"avia_11_1\" value=\"\"  placeholder='Morgens Stk.'\/><\/p><p class='  form_element form_element_fourth' id='element_avia_12_1'><label for=\"avia_12_1\">Mittags Stk.<\/label> <input name=\"avia_12_1\" class=\"text_input \" type=\"text\" id=\"avia_12_1\" value=\"\"  placeholder='Mittags Stk.'\/><\/p><p class='  form_element form_element_fourth' id='element_avia_13_1'><label for=\"avia_13_1\">Abends Stk.<\/label> <input name=\"avia_13_1\" class=\"text_input \" type=\"text\" id=\"avia_13_1\" value=\"\"  placeholder='Abends Stk.'\/><\/p><p class='  form_element form_element_fourth' id='element_avia_14_1'><label for=\"avia_14_1\">Nacht Stk.<\/label> <input name=\"avia_14_1\" class=\"text_input \" type=\"text\" id=\"avia_14_1\" value=\"\"  placeholder='Nacht Stk.'\/><\/p><p class='  first_form  form_element form_element_three_fourth' id='element_avia_15_1'><label for=\"avia_15_1\">Medikament XYZ\/100 mg\/100 St\u00fcck<\/label> <input name=\"avia_15_1\" class=\"text_input \" type=\"text\" id=\"avia_15_1\" value=\"\"  placeholder='Medikament XYZ\/100 mg\/100 St\u00fcck'\/><\/p><p class='  form_element form_element_fourth' id='element_avia_16_1'><label for=\"avia_16_1\">Packungsanzahl<\/label> <input name=\"avia_16_1\" class=\"text_input \" type=\"text\" id=\"avia_16_1\" value=\"\"  placeholder='Packungsanzahl'\/><\/p><p class='  first_form  form_element form_element_fourth' id='element_avia_17_1'><label for=\"avia_17_1\">Morgens Stk.<\/label> <input name=\"avia_17_1\" class=\"text_input \" type=\"text\" id=\"avia_17_1\" value=\"\"  placeholder='Morgens Stk.'\/><\/p><p class='  form_element form_element_fourth' id='element_avia_18_1'><label for=\"avia_18_1\">Mittags Stk.<\/label> <input name=\"avia_18_1\" class=\"text_input \" type=\"text\" id=\"avia_18_1\" value=\"\"  placeholder='Mittags Stk.'\/><\/p><p class='  form_element form_element_fourth' id='element_avia_19_1'><label for=\"avia_19_1\">Abends Stk.<\/label> <input name=\"avia_19_1\" class=\"text_input \" type=\"text\" id=\"avia_19_1\" value=\"\"  placeholder='Abends Stk.'\/><\/p><p class='  form_element form_element_fourth' id='element_avia_20_1'><label for=\"avia_20_1\">Nacht Stk.<\/label> <input name=\"avia_20_1\" class=\"text_input \" type=\"text\" id=\"avia_20_1\" value=\"\"  placeholder='Nacht Stk.'\/><\/p><p class='  first_form  form_element form_element_three_fourth' id='element_avia_21_1'><label for=\"avia_21_1\">Medikament XYZ\/100 mg\/100 St\u00fcck<\/label> <input name=\"avia_21_1\" class=\"text_input \" type=\"text\" id=\"avia_21_1\" value=\"\"  placeholder='Medikament XYZ\/100 mg\/100 St\u00fcck'\/><\/p><p class='  form_element form_element_fourth' id='element_avia_22_1'><label for=\"avia_22_1\">Packungsanzahl<\/label> <input name=\"avia_22_1\" class=\"text_input \" type=\"text\" id=\"avia_22_1\" value=\"\"  placeholder='Packungsanzahl'\/><\/p><p class='  first_form  form_element form_element_fourth' id='element_avia_23_1'><label for=\"avia_23_1\">Morgens Stk.<\/label> <input name=\"avia_23_1\" class=\"text_input \" type=\"text\" id=\"avia_23_1\" value=\"\"  placeholder='Morgens Stk.'\/><\/p><p class='  form_element form_element_fourth' id='element_avia_24_1'><label for=\"avia_24_1\">Mittags Stk.<\/label> <input name=\"avia_24_1\" class=\"text_input \" type=\"text\" id=\"avia_24_1\" value=\"\"  placeholder='Mittags Stk.'\/><\/p><p class='  form_element form_element_fourth' id='element_avia_25_1'><label for=\"avia_25_1\">Abends Stk.<\/label> <input name=\"avia_25_1\" class=\"text_input \" type=\"text\" id=\"avia_25_1\" value=\"\"  placeholder='Abends Stk.'\/><\/p><p class='  form_element form_element_fourth' id='element_avia_26_1'><label for=\"avia_26_1\">Nacht Stk.<\/label> <input name=\"avia_26_1\" class=\"text_input \" type=\"text\" id=\"avia_26_1\" value=\"\"  placeholder='Nacht Stk.'\/><\/p><p class='  first_form  form_element form_element_three_fourth' id='element_avia_27_1'><label for=\"avia_27_1\">Medikament XYZ\/100 mg\/100 St\u00fcck<\/label> <input name=\"avia_27_1\" class=\"text_input \" type=\"text\" id=\"avia_27_1\" value=\"\"  placeholder='Medikament XYZ\/100 mg\/100 St\u00fcck'\/><\/p><p class='  form_element form_element_fourth' id='element_avia_28_1'><label for=\"avia_28_1\">Packungsanzahl<\/label> <input name=\"avia_28_1\" class=\"text_input \" type=\"text\" id=\"avia_28_1\" value=\"\"  placeholder='Packungsanzahl'\/><\/p><p class='  first_form  form_element form_element_fourth' id='element_avia_29_1'><label for=\"avia_29_1\">Morgens Stk.<\/label> <input name=\"avia_29_1\" class=\"text_input \" type=\"text\" id=\"avia_29_1\" value=\"\"  placeholder='Morgens Stk.'\/><\/p><p class='  form_element form_element_fourth' id='element_avia_30_1'><label for=\"avia_30_1\">Mittags Stk.<\/label> <input name=\"avia_30_1\" class=\"text_input \" type=\"text\" id=\"avia_30_1\" value=\"\"  placeholder='Mittags Stk.'\/><\/p><p class='  form_element form_element_fourth' id='element_avia_31_1'><label for=\"avia_31_1\">Abends Stk.<\/label> <input name=\"avia_31_1\" class=\"text_input \" type=\"text\" id=\"avia_31_1\" value=\"\"  placeholder='Abends Stk.'\/><\/p><p class='  form_element form_element_fourth' id='element_avia_32_1'><label for=\"avia_32_1\">Nacht Stk.<\/label> <input name=\"avia_32_1\" class=\"text_input \" type=\"text\" id=\"avia_32_1\" value=\"\"  placeholder='Nacht Stk.'\/><\/p><p class='  first_form  form_element form_element_three_fourth' id='element_avia_33_1'><label for=\"avia_33_1\">Medikament XYZ\/100 mg\/100 St\u00fcck<\/label> <input name=\"avia_33_1\" class=\"text_input \" type=\"text\" id=\"avia_33_1\" value=\"\"  placeholder='Medikament XYZ\/100 mg\/100 St\u00fcck'\/><\/p><p class='  form_element form_element_fourth' id='element_avia_34_1'><label for=\"avia_34_1\">Packungsanzahl<\/label> <input name=\"avia_34_1\" class=\"text_input \" type=\"text\" id=\"avia_34_1\" value=\"\"  placeholder='Packungsanzahl'\/><\/p><p class='  first_form  form_element form_element_fourth' id='element_avia_35_1'><label for=\"avia_35_1\">Morgens Stk.<\/label> <input name=\"avia_35_1\" class=\"text_input \" type=\"text\" id=\"avia_35_1\" value=\"\"  placeholder='Morgens Stk.'\/><\/p><p class='  form_element form_element_fourth' id='element_avia_36_1'><label for=\"avia_36_1\">Mittags Stk.<\/label> <input name=\"avia_36_1\" class=\"text_input \" type=\"text\" id=\"avia_36_1\" value=\"\"  placeholder='Mittags Stk.'\/><\/p><p class='  form_element form_element_fourth' id='element_avia_37_1'><label for=\"avia_37_1\">Abends Stk.<\/label> <input name=\"avia_37_1\" class=\"text_input \" type=\"text\" id=\"avia_37_1\" value=\"\"  placeholder='Abends Stk.'\/><\/p><p class='  form_element form_element_fourth' id='element_avia_38_1'><label for=\"avia_38_1\">Nacht Stk.<\/label> <input name=\"avia_38_1\" class=\"text_input \" type=\"text\" id=\"avia_38_1\" value=\"\"  placeholder='Nacht Stk.'\/><\/p><p class='  first_form  form_element form_element_three_fourth' id='element_avia_39_1'><label for=\"avia_39_1\">Medikament XYZ\/100 mg\/100 St\u00fcck<\/label> <input name=\"avia_39_1\" class=\"text_input \" type=\"text\" id=\"avia_39_1\" value=\"\"  placeholder='Medikament XYZ\/100 mg\/100 St\u00fcck'\/><\/p><p class='  form_element form_element_fourth' id='element_avia_40_1'><label for=\"avia_40_1\">Packungsanzahl<\/label> <input name=\"avia_40_1\" class=\"text_input \" type=\"text\" id=\"avia_40_1\" value=\"\"  placeholder='Packungsanzahl'\/><\/p><p class='  first_form  form_element form_element_fourth' id='element_avia_41_1'><label for=\"avia_41_1\">Morgens Stk.<\/label> <input name=\"avia_41_1\" class=\"text_input \" type=\"text\" id=\"avia_41_1\" value=\"\"  placeholder='Morgens Stk.'\/><\/p><p class='  form_element form_element_fourth' id='element_avia_42_1'><label for=\"avia_42_1\">Mittags Stk.<\/label> <input name=\"avia_42_1\" class=\"text_input \" type=\"text\" id=\"avia_42_1\" value=\"\"  placeholder='Mittags Stk.'\/><\/p><p class='  form_element form_element_fourth' id='element_avia_43_1'><label for=\"avia_43_1\">Abends Stk.<\/label> <input name=\"avia_43_1\" class=\"text_input \" type=\"text\" id=\"avia_43_1\" value=\"\"  placeholder='Abends Stk.'\/><\/p><p class='  form_element form_element_fourth' id='element_avia_44_1'><label for=\"avia_44_1\">Nacht Stk.<\/label> <input name=\"avia_44_1\" class=\"text_input \" type=\"text\" id=\"avia_44_1\" value=\"\"  placeholder='Nacht Stk.'\/><\/p><p class='  first_form  form_element form_element_three_fourth' id='element_avia_45_1'><label for=\"avia_45_1\">Medikament XYZ\/100 mg\/100 St\u00fcck<\/label> <input name=\"avia_45_1\" class=\"text_input \" type=\"text\" id=\"avia_45_1\" value=\"\"  placeholder='Medikament XYZ\/100 mg\/100 St\u00fcck'\/><\/p><p class='  form_element form_element_fourth' id='element_avia_46_1'><label for=\"avia_46_1\">Packungsanzahl<\/label> <input name=\"avia_46_1\" class=\"text_input \" type=\"text\" id=\"avia_46_1\" value=\"\"  placeholder='Packungsanzahl'\/><\/p><p class='  first_form  form_element form_element_fourth' id='element_avia_47_1'><label for=\"avia_47_1\">Morgens Stk.<\/label> <input name=\"avia_47_1\" class=\"text_input \" type=\"text\" id=\"avia_47_1\" value=\"\"  placeholder='Morgens Stk.'\/><\/p><p class='  form_element form_element_fourth' id='element_avia_48_1'><label for=\"avia_48_1\">Mittags Stk.<\/label> <input name=\"avia_48_1\" class=\"text_input \" type=\"text\" id=\"avia_48_1\" value=\"\"  placeholder='Mittags Stk.'\/><\/p><p class='  form_element form_element_fourth' id='element_avia_49_1'><label for=\"avia_49_1\">Abends Stk.<\/label> <input name=\"avia_49_1\" class=\"text_input \" type=\"text\" id=\"avia_49_1\" value=\"\"  placeholder='Abends Stk.'\/><\/p><p class='  form_element form_element_fourth' id='element_avia_50_1'><label for=\"avia_50_1\">Nacht Stk.<\/label> <input name=\"avia_50_1\" class=\"text_input \" type=\"text\" id=\"avia_50_1\" value=\"\"  placeholder='Nacht Stk.'\/><\/p><p id='element_avia_51_1' class=' first_form  form_element form_fullwidth av-form-empty-line '> <\/p><p class='  first_form  form_element form_fullwidth' id='element_avia_52_1'><label for=\"avia_52_1\" class=\"textare_label hidden textare_label_avia_52_1\">Optionale Nachricht<\/label><textarea  placeholder='Optionale Nachricht' name=\"avia_52_1\" class=\"text_area \" cols=\"40\" rows=\"7\" id=\"avia_52_1\" ><\/textarea><\/p><p id='element_avia_53_1' class=' first_form  form_element form_fullwidth av-last-visible-form-element av-form-empty-line '> <\/p><p class=\"hidden\"><input type=\"text\" name=\"avia_54_1\" class=\"hidden \" id=\"avia_54_1\" value=\"\" \/><\/p><p class=\"form_element \"><input type=\"hidden\" value=\"1\" name=\"avia_generated_form1\" \/><input type=\"submit\" value=\"Rezept bestellen\" class=\"button\"  data-sending-label=\"Sende\"\/><\/p><\/fieldset><\/form><div id=\"ajaxresponse_1\" class=\"ajaxresponse ajaxresponse_1 hidden\"><\/div>\n\n<\/div><\/div><\/main><!-- close content main element --><\/div><\/div>\n<style type=\"text\/css\" data-created_by=\"avia_inline_auto\" id=\"style-css-av-lm8ru768-7b76c89dc73f88fdac3dc9d06a986c16\">\n.avia-section.av-lm8ru768-7b76c89dc73f88fdac3dc9d06a986c16{\nbackground-color:#f3eee9;\nbackground-image:unset;\n}\n<\/style>\n<div id='anker_headline'  class='avia-section av-lm8ru768-7b76c89dc73f88fdac3dc9d06a986c16 main_color avia-section-default avia-no-border-styling  avia-builder-el-8  el_after_av_section  avia-builder-el-last  avia-bg-style-scroll container_wrap sidebar_right'  ><div class='container av-section-cont-open' ><div class='template-page content  av-content-small alpha units'><div class='post-entry post-entry-type-page post-entry-4309'><div class='entry-content-wrapper clearfix'>\n\n<style type=\"text\/css\" data-created_by=\"avia_inline_auto\" id=\"style-css-av-49t011-e3066f94757d2c6ed328c77fa34dc5aa\">\n#top .av-special-heading.av-49t011-e3066f94757d2c6ed328c77fa34dc5aa{\npadding-bottom:10px;\n}\nbody .av-special-heading.av-49t011-e3066f94757d2c6ed328c77fa34dc5aa .av-special-heading-tag .heading-char{\nfont-size:25px;\n}\n.av-special-heading.av-49t011-e3066f94757d2c6ed328c77fa34dc5aa .av-subheading{\nfont-size:15px;\n}\n\n@media only screen and (max-width: 479px){ \n#top #wrap_all .av-special-heading.av-49t011-e3066f94757d2c6ed328c77fa34dc5aa .av-special-heading-tag{\nfont-size:18px;\n}\n}\n<\/style>\n<div  class='av-special-heading av-49t011-e3066f94757d2c6ed328c77fa34dc5aa av-special-heading-h1 blockquote modern-quote  avia-builder-el-9  el_before_av_textblock  avia-builder-el-first '><h1 class='av-special-heading-tag '  itemprop=\"headline\"  >eTERMINE und eBEFUNDE<\/h1><div class=\"special-heading-border\"><div class=\"special-heading-inner-border\"><\/div><\/div><\/div>\n<section  class='av_textblock_section av-lm8ttsig-beec10f438f98357523b611c5d74cd76 '   itemscope=\"itemscope\" itemtype=\"https:\/\/schema.org\/CreativeWork\" ><div class='avia_textblock'  itemprop=\"text\" ><p><strong>eTermine\u00a0<\/strong><\/p>\n<p>Bei der Terminbuchung bitten wir Sie folgendes zu beachten:<\/p>\n<ul>\n<li>In seltenen F\u00e4llen kann es vorkommen, dass Ihr gew\u00fcnschter Arzt im Falle von Krankheit\/Urlaub\/Fortbildung von einem unserer Vertretungs\u00e4rzte vertreten wird.<\/li>\n<li>Es kann trotz Termin zu geringen Wartezeiten kommen!<\/li>\n<li>Online gebuchte Termine bitte telefonisch absagen.<\/li>\n<li>Bitte auch mit Termin an der Rezeption anmelden.<\/li>\n<\/ul>\n<p><strong>eBefunde<\/strong><\/p>\n<p>\u00dcber die eBefunde ist es uns m\u00f6glich Ihnen Einsicht auf Ihre Befunde zu geben. Somit ersparen Sie sich das Abholen in Ihrer Ordination.<\/p>\n<p><strong>Voraussetzung f\u00fcr die Nutzung ist jedoch eine einmalige Identifikation!<\/strong>\u00a0 Hierf\u00fcr sind folgende Schritte notwendig:<\/p>\n<ol>\n<li>Anmelden \u00fcber die eServices und anlegen eines Kontos.<\/li>\n<li>Besuch in Ihrer Ordination und freischalten Ihres Kontos durch unsere Ordinationsassistent*innen.<\/li>\n<\/ol>\n<\/div><\/section>\n<section  class='av_textblock_section av-260y5h-70b6cbab259b61e42200117df91aa006 '   itemscope=\"itemscope\" itemtype=\"https:\/\/schema.org\/CreativeWork\" ><div class='avia_textblock'  itemprop=\"text\" ><p><iframe loading=\"lazy\" id=\"eServiceIFrame\" src=\"https:\/\/home.cgm-life.de\/eServices\/?institution=40c32853-1c5f-4907-9d0b-99abf996fe6f\" name=\"eServices\" width=\"100%\" height=\"800\" frameborder=\"0\" marginwidth=\"0\" marginheight=\"0\" align=\"left\">Ihr Browser kann leider keine eingebetteten Frames anzeigen: Sie k\u00f6nnen die eingebettete Seite \u00fcber den folgenden Verweis aufrufen: <a href=\"https:\/\/home.cgm-life.de\/eServices\/?institution=40c32853-1c5f-4907-9d0b-99abf996fe6f\" id=\"eServiceLink\">eServices<\/a>&nbsp;<\/p>\n<p><\/iframe><\/p>\n<\/div><\/section>\n<\/div><\/div><\/div><!-- close content main div --><\/div><\/div><div id='after_section_2'  class='main_color av_default_container_wrap container_wrap sidebar_right'  ><div class='container av-section-cont-open' ><div class='template-page content  av-content-small alpha units'><div class='post-entry post-entry-type-page post-entry-4309'><div class='entry-content-wrapper clearfix'><\/p>\n","protected":false},"excerpt":{"rendered":"","protected":false},"author":1,"featured_media":0,"parent":0,"menu_order":0,"comment_status":"closed","ping_status":"closed","template":"","meta":{"footnotes":""},"class_list":["post-4309","page","type-page","status-publish","hentry"],"_links":{"self":[{"href":"https:\/\/gz-gs.at\/index.php?rest_route=\/wp\/v2\/pages\/4309","targetHints":{"allow":["GET"]}}],"collection":[{"href":"https:\/\/gz-gs.at\/index.php?rest_route=\/wp\/v2\/pages"}],"about":[{"href":"https:\/\/gz-gs.at\/index.php?rest_route=\/wp\/v2\/types\/page"}],"author":[{"embeddable":true,"href":"https:\/\/gz-gs.at\/index.php?rest_route=\/wp\/v2\/users\/1"}],"replies":[{"embeddable":true,"href":"https:\/\/gz-gs.at\/index.php?rest_route=%2Fwp%2Fv2%2Fcomments&post=4309"}],"version-history":[{"count":59,"href":"https:\/\/gz-gs.at\/index.php?rest_route=\/wp\/v2\/pages\/4309\/revisions"}],"predecessor-version":[{"id":4374,"href":"https:\/\/gz-gs.at\/index.php?rest_route=\/wp\/v2\/pages\/4309\/revisions\/4374"}],"wp:attachment":[{"href":"https:\/\/gz-gs.at\/index.php?rest_route=%2Fwp%2Fv2%2Fmedia&parent=4309"}],"curies":[{"name":"wp","href":"https:\/\/api.w.org\/{rel}","templated":true}]}}