{"id":3768,"date":"2022-10-20T14:11:00","date_gmt":"2022-10-20T12:11:00","guid":{"rendered":"https:\/\/gz-gs.at\/?page_id=3768"},"modified":"2025-11-25T07:09:44","modified_gmt":"2025-11-25T06:09:44","slug":"eingemietete-aerzte","status":"publish","type":"page","link":"https:\/\/gz-gs.at\/?page_id=3768","title":{"rendered":"Eingemietete \u00c4rzte"},"content":{"rendered":"\n<style type=\"text\/css\" data-created_by=\"avia_inline_auto\" id=\"style-css-av-o3vfpk-6e63dc31202b3d9010978fe54ba27ef8\">\n.avia-section.av-o3vfpk-6e63dc31202b3d9010978fe54ba27ef8{\nbackground-color:#f3eee9;\nbackground-image:unset;\n}\n<\/style>\n<div id='av_section_1'  class='avia-section av-o3vfpk-6e63dc31202b3d9010978fe54ba27ef8 main_color avia-section-default avia-no-border-styling  avia-builder-el-0  avia-builder-el-no-sibling  avia-bg-style-scroll container_wrap sidebar_right'  ><div class='container av-section-cont-open' ><main  role=\"main\" itemprop=\"mainContentOfPage\"  class='template-page content  av-content-small alpha units'><div class='post-entry post-entry-type-page post-entry-3768'><div class='entry-content-wrapper clearfix'>\n\n<style type=\"text\/css\" data-created_by=\"avia_inline_auto\" id=\"style-css-av-l9h0wt5j-aad34c95e7f5487b2fa58b1394b1744f\">\n#top .av-special-heading.av-l9h0wt5j-aad34c95e7f5487b2fa58b1394b1744f{\npadding-bottom:10px;\n}\nbody .av-special-heading.av-l9h0wt5j-aad34c95e7f5487b2fa58b1394b1744f .av-special-heading-tag .heading-char{\nfont-size:25px;\n}\n.av-special-heading.av-l9h0wt5j-aad34c95e7f5487b2fa58b1394b1744f .av-subheading{\nfont-size:15px;\n}\n\n@media only screen and (max-width: 479px){ \n#top #wrap_all .av-special-heading.av-l9h0wt5j-aad34c95e7f5487b2fa58b1394b1744f .av-special-heading-tag{\nfont-size:18px;\n}\n}\n<\/style>\n<div  class='av-special-heading av-l9h0wt5j-aad34c95e7f5487b2fa58b1394b1744f av-special-heading-h1 blockquote modern-quote  avia-builder-el-1  el_before_av_textblock  avia-builder-el-first '><h1 class='av-special-heading-tag '  itemprop=\"headline\"  >PARTNER:INNEN IM HAUS<\/h1><div class=\"special-heading-border\"><div class=\"special-heading-inner-border\"><\/div><\/div><\/div>\n<section  class='av_textblock_section av-lbav5sy8-0ff0d283edfc4235e0485b459bb03afe '   itemscope=\"itemscope\" itemtype=\"https:\/\/schema.org\/CreativeWork\" ><div class='avia_textblock'  itemprop=\"text\" ><p>Die nachfolgenden \u00c4rzt:innen und Therapeut:innen sind in unseren R\u00e4umen eingemietet und bieten Ihre Leistungen selbstst\u00e4ndig an. Die enge Zusammenarbeit und Terminabstimmung stellen sie eine wertvolle Erg\u00e4nzung zu unserem allgemeinmedizinischen Angebot dar.<\/p>\n<\/div><\/section>\n<div class='flex_column_table av-eenf48-ba08c459ec2401b5bd1983b9b40e90bd sc-av_one_third av-equal-height-column-flextable'>\n<style type=\"text\/css\" data-created_by=\"avia_inline_auto\" id=\"style-css-av-eenf48-ba08c459ec2401b5bd1983b9b40e90bd\">\n.flex_column.av-eenf48-ba08c459ec2401b5bd1983b9b40e90bd{\nwidth:32.666666666667%;\nmargin-left:0;\npadding:30px 30px 30px 30px;\nbackground-color:#ffffff;\n}\n#top .flex_column_table.av-equal-height-column-flextable.av-eenf48-ba08c459ec2401b5bd1983b9b40e90bd .av-flex-placeholder{\nwidth:1%;\n}\n<\/style>\n<div  class='flex_column av-eenf48-ba08c459ec2401b5bd1983b9b40e90bd av_one_third  avia-builder-el-3  el_after_av_textblock  el_before_av_one_third  first flex_column_table_cell av-equal-height-column av-align-top  column-top-margin'     ><section  class='av_textblock_section av-lbavcbco-94bd81110f7bd0cdac272dcc03e8399b '   itemscope=\"itemscope\" itemtype=\"https:\/\/schema.org\/CreativeWork\" ><div class='avia_textblock'  itemprop=\"text\" ><h3>Dr. Klaus Melinz<\/h3>\n<p><strong>Facharzt f\u00fcr Neurologie<br \/>\nWahlarzt<\/strong><\/p>\n<p>Ordinationszeiten: jeden Montag nach Terminvereinbarung<br \/>\nunter: 0664 \/ 32 05 099<\/p>\n<p><a href=\"http:\/\/www.neuro-info.at\">www.neuro-info.at<\/a><\/p>\n<\/div><\/section><\/div><div class='av-flex-placeholder'><\/div>\n<style type=\"text\/css\" data-created_by=\"avia_inline_auto\" id=\"style-css-av-fxuaw8-825490482a904e2ff341c96e7fbd0c98\">\n.flex_column.av-fxuaw8-825490482a904e2ff341c96e7fbd0c98{\nwidth:32.666666666667%;\nmargin-left:0;\npadding:30px 30px 30px 30px;\nbackground-color:#ffffff;\n}\n#top .flex_column_table.av-equal-height-column-flextable.av-fxuaw8-825490482a904e2ff341c96e7fbd0c98 .av-flex-placeholder{\nwidth:1%;\n}\n<\/style>\n<div  class='flex_column av-fxuaw8-825490482a904e2ff341c96e7fbd0c98 av_one_third  avia-builder-el-5  el_after_av_one_third  el_before_av_one_third  flex_column_table_cell av-equal-height-column av-align-top  column-top-margin'     ><section  class='av_textblock_section av-lbavatcf-e3411e389daee5f5dfe80d9e12b06465 '   itemscope=\"itemscope\" itemtype=\"https:\/\/schema.org\/CreativeWork\" ><div class='avia_textblock'  itemprop=\"text\" ><h3>Dr. Brigitte Anelli-Monti<\/h3>\n<p><strong>Fach\u00e4rztin f\u00fcr Innere Medizin, Schwerpunkt Kardiologie<br \/>\n<\/strong><strong>Wahl\u00e4rztin<\/strong><\/p>\n<p>Terminvereinbarung: 0699 160 201 55<\/p>\n<p><a href=\"http:\/\/www.kardiopraxis-anelli-monti.at\">www.kardiopraxis-anelli-monti.at<\/a><\/p>\n<\/div><\/section><\/div><div class='av-flex-placeholder'><\/div>\n<style type=\"text\/css\" data-created_by=\"avia_inline_auto\" id=\"style-css-av-9hj6d4-39502534b0481f16de2e5b3d002b683e\">\n.flex_column.av-9hj6d4-39502534b0481f16de2e5b3d002b683e{\nwidth:32.666666666667%;\nmargin-left:0;\npadding:30px 30px 30px 30px;\nbackground-color:#ffffff;\n}\n#top .flex_column_table.av-equal-height-column-flextable.av-9hj6d4-39502534b0481f16de2e5b3d002b683e .av-flex-placeholder{\nwidth:1%;\n}\n<\/style>\n<div  class='flex_column av-9hj6d4-39502534b0481f16de2e5b3d002b683e av_one_third  avia-builder-el-7  el_after_av_one_third  el_before_av_two_fifth  flex_column_table_cell av-equal-height-column av-align-top  column-top-margin'     ><section  class='av_textblock_section av-lbavzqwa-f85ea37ac702601fa74ee9749433e3b3 '   itemscope=\"itemscope\" itemtype=\"https:\/\/schema.org\/CreativeWork\" ><div class='avia_textblock'  itemprop=\"text\" ><h3>Primarius Prof. Dr. Thomas Roskaric<\/h3>\n<p><strong>Facharzt f\u00fcr Allgemein- und Viszeralchirurgie<br \/>\n<\/strong><strong>Wahlarzt und privat<\/strong><\/p>\n<p>Ordinationszeiten nach telefonischer Vereinbarung unter:<br \/>\n0677 \/ 644 366 70<\/p>\n<p><a href=\"mailto:office@chirurg-graz-nord.at\">office@chirurg-graz-nord.at<\/a><br \/>\n<a href=\"http:\/\/www.chirurg-graz-nord.at\">www.chirurg-graz-nord.at<\/a><\/p>\n<\/div><\/section><\/div><\/div><!--close column table wrapper. Autoclose: 1 --><div class='flex_column_table av-6d73y0-7528655b3a70302597073c608dd2d17a sc-av_two_fifth av-equal-height-column-flextable'>\n<style type=\"text\/css\" data-created_by=\"avia_inline_auto\" id=\"style-css-av-6d73y0-7528655b3a70302597073c608dd2d17a\">\n.flex_column.av-6d73y0-7528655b3a70302597073c608dd2d17a{\nwidth:39.4%;\nmargin-left:0;\npadding:30px 30px 30px 30px;\nbackground-color:#ffffff;\n}\n#top .flex_column_table.av-equal-height-column-flextable.av-6d73y0-7528655b3a70302597073c608dd2d17a .av-flex-placeholder{\nwidth:1%;\n}\n<\/style>\n<div  class='flex_column av-6d73y0-7528655b3a70302597073c608dd2d17a av_two_fifth  avia-builder-el-9  el_after_av_one_third  el_before_av_two_fifth  first flex_column_table_cell av-equal-height-column av-align-top  column-top-margin'     ><section  class='av_textblock_section av-lbaw22uk-fb470257532145aff8e39fb65190eed0 '   itemscope=\"itemscope\" itemtype=\"https:\/\/schema.org\/CreativeWork\" ><div class='avia_textblock'  itemprop=\"text\" ><h3>Mag. Katharina Gruber<\/h3>\n<p><strong>Klinische und Gesundheitspsychologin<\/strong><br \/>\n<strong>und Psychotherapeutin in Ausbildung unter Supervision<\/strong><\/p>\n<p>Terminvereinbarung: 0664 \/ 437 5370<br \/>\n<a href=\"mailto:kg@mensch-im-mittelpunkt.at\">kg@mensch-im-mittelpunkt.at<\/a><\/p>\n<\/div><\/section><\/div><div class='av-flex-placeholder'><\/div>\n<style type=\"text\/css\" data-created_by=\"avia_inline_auto\" id=\"style-css-av-43ksmg-94d536197d7df0e9bb915faeadfd1502\">\n.flex_column.av-43ksmg-94d536197d7df0e9bb915faeadfd1502{\nwidth:39.4%;\nmargin-left:0;\npadding:30px 30px 30px 30px;\nbackground-color:#ffffff;\n}\n#top .flex_column_table.av-equal-height-column-flextable.av-43ksmg-94d536197d7df0e9bb915faeadfd1502 .av-flex-placeholder{\nwidth:1%;\n}\n<\/style>\n<div  class='flex_column av-43ksmg-94d536197d7df0e9bb915faeadfd1502 av_two_fifth  avia-builder-el-11  el_after_av_two_fifth  avia-builder-el-last  flex_column_table_cell av-equal-height-column av-align-top  column-top-margin'     ><section  class='av_textblock_section av-lbaw300l-6a76fb8b44dc700bd5955443b203faff '   itemscope=\"itemscope\" itemtype=\"https:\/\/schema.org\/CreativeWork\" ><div class='avia_textblock'  itemprop=\"text\" ><h3>Silvia Strutz, MSc<\/h3>\n<p><strong>Psychotherapeutin<\/strong><\/p>\n<p>Terminvereinbarung:<br \/>\n0677 \/ 616 59 484<\/p>\n<p><a href=\"mailto:psychotherapie.strutz@gmail.com\">psychotherapie.strutz@gmail.com<\/a><\/p>\n<\/div><\/section><\/div><\/div><!--close column table wrapper. Autoclose: 1 --><\/div><\/div><\/main><!-- close content main element --><\/div><\/div><div id='after_section_1'  class='main_color av_default_container_wrap container_wrap sidebar_right'  ><div class='container av-section-cont-open' ><div class='template-page content  av-content-small alpha units'><div class='post-entry post-entry-type-page post-entry-3768'><div class='entry-content-wrapper clearfix'>\n","protected":false},"excerpt":{"rendered":"","protected":false},"author":1,"featured_media":0,"parent":0,"menu_order":0,"comment_status":"closed","ping_status":"closed","template":"","meta":{"footnotes":""},"class_list":["post-3768","page","type-page","status-publish","hentry"],"_links":{"self":[{"href":"https:\/\/gz-gs.at\/index.php?rest_route=\/wp\/v2\/pages\/3768","targetHints":{"allow":["GET"]}}],"collection":[{"href":"https:\/\/gz-gs.at\/index.php?rest_route=\/wp\/v2\/pages"}],"about":[{"href":"https:\/\/gz-gs.at\/index.php?rest_route=\/wp\/v2\/types\/page"}],"author":[{"embeddable":true,"href":"https:\/\/gz-gs.at\/index.php?rest_route=\/wp\/v2\/users\/1"}],"replies":[{"embeddable":true,"href":"https:\/\/gz-gs.at\/index.php?rest_route=%2Fwp%2Fv2%2Fcomments&post=3768"}],"version-history":[{"count":29,"href":"https:\/\/gz-gs.at\/index.php?rest_route=\/wp\/v2\/pages\/3768\/revisions"}],"predecessor-version":[{"id":4556,"href":"https:\/\/gz-gs.at\/index.php?rest_route=\/wp\/v2\/pages\/3768\/revisions\/4556"}],"wp:attachment":[{"href":"https:\/\/gz-gs.at\/index.php?rest_route=%2Fwp%2Fv2%2Fmedia&parent=3768"}],"curies":[{"name":"wp","href":"https:\/\/api.w.org\/{rel}","templated":true}]}}