{"id":3313,"date":"2022-09-13T12:38:57","date_gmt":"2022-09-13T10:38:57","guid":{"rendered":"https:\/\/gz-gs.at\/?page_id=3313"},"modified":"2023-01-09T08:37:18","modified_gmt":"2023-01-09T07:37:18","slug":"judendorf","status":"publish","type":"page","link":"https:\/\/gz-gs.at\/?page_id=3313","title":{"rendered":"Judendorf"},"content":{"rendered":"\n<style type=\"text\/css\" data-created_by=\"avia_inline_auto\" id=\"style-css-av-l9fo1k42-042949008da0c73295e62f18bb3f152d\">\n#top .av-masonry.av-l9fo1k42-042949008da0c73295e62f18bb3f152d{\nbackground-color:#f3eee9;\n}\n<\/style>\n<div id='av-masonry-1' class='av-masonry av-l9fo1k42-042949008da0c73295e62f18bb3f152d noHover av-fixed-size av-large-gap av-hover-overlay- av-masonry-animation- av-masonry-col-3 av-caption-always av-caption-style- av-masonry-gallery ' data-post_id=\"3313\"><div class=\"av-masonry-container isotope av-js-disabled\"><div class='av-masonry-entry isotope-item av-masonry-item-no-image '><\/div><a href=\"https:\/\/gz-gs.at\/wp-content\/uploads\/2023\/01\/94C_001-1030x685.jpg\" data-srcset=\"https:\/\/gz-gs.at\/wp-content\/uploads\/2023\/01\/94C_001-1030x685.jpg 1030w, https:\/\/gz-gs.at\/wp-content\/uploads\/2023\/01\/94C_001-300x200.jpg 300w, https:\/\/gz-gs.at\/wp-content\/uploads\/2023\/01\/94C_001-768x511.jpg 768w, https:\/\/gz-gs.at\/wp-content\/uploads\/2023\/01\/94C_001-705x469.jpg 705w, https:\/\/gz-gs.at\/wp-content\/uploads\/2023\/01\/94C_001.jpg 1452w\" data-sizes=\"(max-width: 1030px) 100vw, 1030px\"  aria-label=\"Bild Bild ohne Titel\"  id='av-masonry-1-item-4087' data-av-masonry-item='4087' class='av-masonry-entry isotope-item post-4087 attachment type-attachment status-inherit hentry  av-masonry-item-with-image av-grid-img' title=\"\" alt=\"\"    itemprop=\"thumbnailUrl\" ><div class='av-inner-masonry-sizer'><\/div><figure class='av-inner-masonry main_color'><div class=\"av-masonry-outerimage-container\"><div class='av-masonry-image-container' style=\"background-image: url(https:\/\/gz-gs.at\/wp-content\/uploads\/2023\/01\/94C_001.jpg);\" ><\/div><\/div><\/figure><\/a><!--end av-masonry entry--><a href=\"https:\/\/gz-gs.at\/wp-content\/uploads\/2023\/01\/94C_006-1030x685.jpg\" data-srcset=\"https:\/\/gz-gs.at\/wp-content\/uploads\/2023\/01\/94C_006-1030x685.jpg 1030w, https:\/\/gz-gs.at\/wp-content\/uploads\/2023\/01\/94C_006-300x200.jpg 300w, https:\/\/gz-gs.at\/wp-content\/uploads\/2023\/01\/94C_006-768x511.jpg 768w, https:\/\/gz-gs.at\/wp-content\/uploads\/2023\/01\/94C_006-705x469.jpg 705w, https:\/\/gz-gs.at\/wp-content\/uploads\/2023\/01\/94C_006.jpg 1452w\" data-sizes=\"(max-width: 1030px) 100vw, 1030px\"  aria-label=\"Bild Bild ohne Titel\"  id='av-masonry-1-item-4088' data-av-masonry-item='4088' class='av-masonry-entry isotope-item post-4088 attachment type-attachment status-inherit hentry  av-masonry-item-with-image av-grid-img' title=\"\" alt=\"\"    itemprop=\"thumbnailUrl\" ><div class='av-inner-masonry-sizer'><\/div><figure class='av-inner-masonry main_color'><div class=\"av-masonry-outerimage-container\"><div class='av-masonry-image-container' style=\"background-image: url(https:\/\/gz-gs.at\/wp-content\/uploads\/2023\/01\/94C_006.jpg);\" ><\/div><\/div><\/figure><\/a><!--end av-masonry entry--><a href=\"https:\/\/gz-gs.at\/wp-content\/uploads\/2023\/01\/94C_019-1030x685.jpg\" data-srcset=\"https:\/\/gz-gs.at\/wp-content\/uploads\/2023\/01\/94C_019-1030x685.jpg 1030w, https:\/\/gz-gs.at\/wp-content\/uploads\/2023\/01\/94C_019-300x200.jpg 300w, https:\/\/gz-gs.at\/wp-content\/uploads\/2023\/01\/94C_019-768x511.jpg 768w, https:\/\/gz-gs.at\/wp-content\/uploads\/2023\/01\/94C_019-705x469.jpg 705w, https:\/\/gz-gs.at\/wp-content\/uploads\/2023\/01\/94C_019.jpg 1452w\" data-sizes=\"(max-width: 1030px) 100vw, 1030px\"  aria-label=\"Bild Bild ohne Titel\"  id='av-masonry-1-item-4094' data-av-masonry-item='4094' class='av-masonry-entry isotope-item post-4094 attachment type-attachment status-inherit hentry  av-masonry-item-with-image av-grid-img' title=\"\" alt=\"\"    itemprop=\"thumbnailUrl\" ><div class='av-inner-masonry-sizer'><\/div><figure class='av-inner-masonry main_color'><div class=\"av-masonry-outerimage-container\"><div class='av-masonry-image-container' style=\"background-image: url(https:\/\/gz-gs.at\/wp-content\/uploads\/2023\/01\/94C_019.jpg);\" ><\/div><\/div><\/figure><\/a><!--end av-masonry entry--><a href=\"https:\/\/gz-gs.at\/wp-content\/uploads\/2023\/01\/94C_015-1030x685.jpg\" data-srcset=\"https:\/\/gz-gs.at\/wp-content\/uploads\/2023\/01\/94C_015-1030x685.jpg 1030w, https:\/\/gz-gs.at\/wp-content\/uploads\/2023\/01\/94C_015-300x200.jpg 300w, https:\/\/gz-gs.at\/wp-content\/uploads\/2023\/01\/94C_015-768x511.jpg 768w, https:\/\/gz-gs.at\/wp-content\/uploads\/2023\/01\/94C_015-705x469.jpg 705w, https:\/\/gz-gs.at\/wp-content\/uploads\/2023\/01\/94C_015.jpg 1452w\" data-sizes=\"(max-width: 1030px) 100vw, 1030px\"  aria-label=\"Bild Bild ohne Titel\"  id='av-masonry-1-item-4091' data-av-masonry-item='4091' class='av-masonry-entry isotope-item post-4091 attachment type-attachment status-inherit hentry  av-masonry-item-with-image av-grid-img' title=\"\" alt=\"\"    itemprop=\"thumbnailUrl\" ><div class='av-inner-masonry-sizer'><\/div><figure class='av-inner-masonry main_color'><div class=\"av-masonry-outerimage-container\"><div class='av-masonry-image-container' style=\"background-image: url(https:\/\/gz-gs.at\/wp-content\/uploads\/2023\/01\/94C_015.jpg);\" ><\/div><\/div><\/figure><\/a><!--end av-masonry entry--><a href=\"https:\/\/gz-gs.at\/wp-content\/uploads\/2023\/01\/94C_017-1030x685.jpg\" data-srcset=\"https:\/\/gz-gs.at\/wp-content\/uploads\/2023\/01\/94C_017-1030x685.jpg 1030w, https:\/\/gz-gs.at\/wp-content\/uploads\/2023\/01\/94C_017-300x200.jpg 300w, https:\/\/gz-gs.at\/wp-content\/uploads\/2023\/01\/94C_017-768x511.jpg 768w, https:\/\/gz-gs.at\/wp-content\/uploads\/2023\/01\/94C_017-705x469.jpg 705w, https:\/\/gz-gs.at\/wp-content\/uploads\/2023\/01\/94C_017.jpg 1452w\" data-sizes=\"(max-width: 1030px) 100vw, 1030px\"  aria-label=\"Bild Bild ohne Titel\"  id='av-masonry-1-item-4092' data-av-masonry-item='4092' class='av-masonry-entry isotope-item post-4092 attachment type-attachment status-inherit hentry  av-masonry-item-with-image av-grid-img' title=\"\" alt=\"\"    itemprop=\"thumbnailUrl\" ><div class='av-inner-masonry-sizer'><\/div><figure class='av-inner-masonry main_color'><div class=\"av-masonry-outerimage-container\"><div class='av-masonry-image-container' style=\"background-image: url(https:\/\/gz-gs.at\/wp-content\/uploads\/2023\/01\/94C_017.jpg);\" ><\/div><\/div><\/figure><\/a><!--end av-masonry entry--><a href=\"https:\/\/gz-gs.at\/wp-content\/uploads\/2023\/01\/94C_009-1030x685.jpg\" data-srcset=\"https:\/\/gz-gs.at\/wp-content\/uploads\/2023\/01\/94C_009-1030x685.jpg 1030w, https:\/\/gz-gs.at\/wp-content\/uploads\/2023\/01\/94C_009-300x200.jpg 300w, https:\/\/gz-gs.at\/wp-content\/uploads\/2023\/01\/94C_009-768x511.jpg 768w, https:\/\/gz-gs.at\/wp-content\/uploads\/2023\/01\/94C_009-705x469.jpg 705w, https:\/\/gz-gs.at\/wp-content\/uploads\/2023\/01\/94C_009.jpg 1452w\" data-sizes=\"(max-width: 1030px) 100vw, 1030px\"  aria-label=\"Bild Bild ohne Titel\"  id='av-masonry-1-item-4089' data-av-masonry-item='4089' class='av-masonry-entry isotope-item post-4089 attachment type-attachment status-inherit hentry  av-masonry-item-with-image av-grid-img' title=\"\" alt=\"\"    itemprop=\"thumbnailUrl\" ><div class='av-inner-masonry-sizer'><\/div><figure class='av-inner-masonry main_color'><div class=\"av-masonry-outerimage-container\"><div class='av-masonry-image-container' style=\"background-image: url(https:\/\/gz-gs.at\/wp-content\/uploads\/2023\/01\/94C_009.jpg);\" ><\/div><\/div><\/figure><\/a><!--end av-masonry entry--><\/div><\/div>\n\n<style type=\"text\/css\" data-created_by=\"avia_inline_auto\" id=\"style-css-av-l9gtxuic-ce4d702a98b9e3c9fc9e1d8d6dd900f3\">\n.avia-section.av-l9gtxuic-ce4d702a98b9e3c9fc9e1d8d6dd900f3{\nbackground-color:#f3eee9;\nbackground-image:unset;\n}\n<\/style>\n<div id='av_section_1'  class='avia-section av-l9gtxuic-ce4d702a98b9e3c9fc9e1d8d6dd900f3 main_color avia-section-default avia-no-border-styling  avia-builder-el-1  el_after_av_masonry_gallery  avia-builder-el-last  avia-bg-style-scroll container_wrap sidebar_right'  ><div class='container av-section-cont-open' ><div class='template-page content  av-content-small alpha units'><div class='post-entry post-entry-type-page post-entry-3313'><div class='entry-content-wrapper clearfix'>\n\n<style type=\"text\/css\" data-created_by=\"avia_inline_auto\" id=\"style-css-av-lfz4y9-edc4eb5cc4583b974c3987e70ea6670f\">\n#top .av-special-heading.av-lfz4y9-edc4eb5cc4583b974c3987e70ea6670f{\npadding-bottom:10px;\n}\nbody .av-special-heading.av-lfz4y9-edc4eb5cc4583b974c3987e70ea6670f .av-special-heading-tag .heading-char{\nfont-size:25px;\n}\n.av-special-heading.av-lfz4y9-edc4eb5cc4583b974c3987e70ea6670f .av-subheading{\nfont-size:15px;\n}\n<\/style>\n<div  class='av-special-heading av-lfz4y9-edc4eb5cc4583b974c3987e70ea6670f av-special-heading-h1 blockquote modern-quote  avia-builder-el-2  el_before_av_textblock  avia-builder-el-first '><h1 class='av-special-heading-tag '  itemprop=\"headline\"  >GESUNDHEITSZENTRUM JUDENDORF<\/h1><div class=\"special-heading-border\"><div class=\"special-heading-inner-border\"><\/div><\/div><\/div>\n<section  class='av_textblock_section av-ihbrcx-becfb84e692b2fcbea2f1942b1a558d2 '   itemscope=\"itemscope\" itemtype=\"https:\/\/schema.org\/CreativeWork\" ><div class='avia_textblock'  itemprop=\"text\" ><p style=\"text-align: left;\">Herzlich willkommen auf der Website unseres Gesundheitszentrums. Als\u00a0Prim\u00e4rversorgungszentrum\u00a0bieten wir\u00a0gro\u00dfz\u00fcgige \u00d6ffnungszeiten\u00a0und verstehen uns als erste Anlaufstelle f\u00fcr Ihre gesundheitlichen Anliegen. Gerne informieren wir Sie nachfolgend \u00fcber unser Team, unsere Leistungen und unser umfangreiches Versorgungsangebot.<\/p>\n<\/div><\/section>\n\n<style type=\"text\/css\" data-created_by=\"avia_inline_auto\" id=\"style-css-av-lbbwol8l-9a38ccaf939e43671797d9a1f023942c\">\n#top .hr.hr-invisible.av-lbbwol8l-9a38ccaf939e43671797d9a1f023942c{\nheight:50px;\n}\n<\/style>\n<div  class='hr av-lbbwol8l-9a38ccaf939e43671797d9a1f023942c hr-invisible  avia-builder-el-4  el_after_av_textblock  el_before_av_one_half '><span class='hr-inner '><span class=\"hr-inner-style\"><\/span><\/span><\/div>\n<div  class='flex_column av-2jbblt-3604d168f4b05a2a9a077ac930b5b83e av_one_half  avia-builder-el-5  el_after_av_hr  el_before_av_one_half  first flex_column_div  '     ><section  class='av_textblock_section av-glmwh-7330cfaaf3af154abb36e99695cf12c5 '   itemscope=\"itemscope\" itemtype=\"https:\/\/schema.org\/CreativeWork\" ><div class='avia_textblock'  itemprop=\"text\" ><h2>Tel. 03124 51845<\/h2>\n<p>Gratweiner Stra\u00dfe 17,<br \/>\n8111 Gratwein-Stra\u00dfengel<\/p>\n<p><strong>Ordinationszeiten<\/strong><br \/>\nMo &#8211; Fr 07 \u2013 13 Uhr &#038; Mo &#8211; Do 16 \u2013 18.30 Uhr<br \/>\nAnmeldeschluss: 12.30 bzw. 18 Uhr<\/p>\n<\/div><\/section><\/div><div  class='flex_column av-4kyn4x-a02779a5f385468a536c37fd089f73a2 av_one_half  avia-builder-el-7  el_after_av_one_half  el_before_av_hr  flex_column_div av-animated-generic pop-up  '     ><style type=\"text\/css\" data-created_by=\"avia_inline_auto\" id=\"style-css-av-5japld-b3343fdc1ec04ab8376fcf6fb26a4902\">\n#top .av_textblock_section.av-5japld-b3343fdc1ec04ab8376fcf6fb26a4902 .avia_textblock{\ntext-align:left;\n}\n<\/style>\n<section  class='av_textblock_section av-5japld-b3343fdc1ec04ab8376fcf6fb26a4902 '   itemscope=\"itemscope\" itemtype=\"https:\/\/schema.org\/CreativeWork\" ><div class='avia_textblock'  itemprop=\"text\" ><p><img loading=\"lazy\" decoding=\"async\" class=\"alignnone size-full wp-image-3873\" src=\"https:\/\/gz-gs.at\/wp-content\/uploads\/2022\/12\/Zeichenfla\u0308che-6@4x-2.png\" alt=\"\" width=\"81\" height=\"80\" srcset=\"https:\/\/gz-gs.at\/wp-content\/uploads\/2022\/12\/Zeichenfla\u0308che-6@4x-2.png 81w, https:\/\/gz-gs.at\/wp-content\/uploads\/2022\/12\/Zeichenfla\u0308che-6@4x-2-36x36.png 36w\" sizes=\"auto, (max-width: 81px) 100vw, 81px\" \/> <img loading=\"lazy\" decoding=\"async\" class=\"alignnone size-full wp-image-3871\" src=\"https:\/\/gz-gs.at\/wp-content\/uploads\/2022\/12\/Zeichenfla\u0308che-3@4x.png\" alt=\"\" width=\"81\" height=\"80\" srcset=\"https:\/\/gz-gs.at\/wp-content\/uploads\/2022\/12\/Zeichenfla\u0308che-3@4x.png 81w, https:\/\/gz-gs.at\/wp-content\/uploads\/2022\/12\/Zeichenfla\u0308che-3@4x-36x36.png 36w\" sizes=\"auto, (max-width: 81px) 100vw, 81px\" \/><\/p>\n<p><strong>Alle Kassen \u2022 Barrierefrei<\/strong><\/p>\n<\/div><\/section><\/div>\n<style type=\"text\/css\" data-created_by=\"avia_inline_auto\" id=\"style-css-av-2xx32p-d37c2c1caebff165803af7ab54df2f09\">\n#top .hr.hr-invisible.av-2xx32p-d37c2c1caebff165803af7ab54df2f09{\nheight:50px;\n}\n<\/style>\n<div  class='hr av-2xx32p-d37c2c1caebff165803af7ab54df2f09 hr-invisible  avia-builder-el-9  el_after_av_one_half  el_before_av_codeblock '><span class='hr-inner '><span class=\"hr-inner-style\"><\/span><\/span><\/div>\n\n\n<style type=\"text\/css\" data-created_by=\"avia_inline_auto\" id=\"style-css-av-39hysh-0fb5c33506de3494eb1f94a42b18318e\">\n#top .hr.hr-invisible.av-39hysh-0fb5c33506de3494eb1f94a42b18318e{\nheight:50px;\n}\n<\/style>\n<div  class='hr av-39hysh-0fb5c33506de3494eb1f94a42b18318e hr-invisible  avia-builder-el-11  el_after_av_codeblock  el_before_av_one_half '><span class='hr-inner '><span class=\"hr-inner-style\"><\/span><\/span><\/div>\n<div  class='flex_column av-cjo9t-3af374152cf4685ef6768c82383ff7c8 av_one_half  avia-builder-el-12  el_after_av_hr  el_before_av_one_half  first flex_column_div  '     ><section  class='av_textblock_section av-2isw0x-90ad24a9d1b024f21eb31fec0d6bb76b '   itemscope=\"itemscope\" itemtype=\"https:\/\/schema.org\/CreativeWork\" ><div class='avia_textblock'  itemprop=\"text\" ><p><strong>\u00c4RZTEDIENSTPLAN<\/strong><\/p>\n<hr \/>\n<p><strong>MONTAG<\/strong><br \/>\nDr. Braunendal: 7\u201312 Uhr,\u00a016\u201318.30 Uhr<br \/>\nDr. Zeder: 8\u201313 Uhr<\/p>\n<hr \/>\n<p><strong>DIENSTAG<\/strong><br \/>\nDr. Braunendal: 7\u201312 Uhr, 16\u201318.30 Uhr<br \/>\nDr. Zeder: 8\u201313 Uhr<\/p>\n<hr \/>\n<p><strong>MITTWOCH<\/strong><br \/>\nDr. Braunendal: 7\u201312 Uhr, 16\u201318.30 Uhr<br \/>\nDr. Zeder: 8\u201313 Uhr<\/p>\n<hr \/>\n<p><strong>DONNERSTAG<\/strong><br \/>\nDr. Braunendal: 7\u201312 Uhr, 16\u201318.30 Uhr<br \/>\nDr. Zeder: 8\u201313 Uhr<\/p>\n<hr \/>\n<p><strong>FREITAG<\/strong><br \/>\nDr. Braunendal: 7\u201312 Uhr<br \/>\nDr. Zeder: 8\u201313 Uhr<\/p>\n<\/div><\/section><\/div><div  class='flex_column av-2331nl-2deec00f1bcb2e7d42016e026370ac9c av_one_half  avia-builder-el-14  el_after_av_one_half  el_before_av_hr  flex_column_div  '     ><section  class='av_textblock_section av-lbkmcv0q-d770d493cdc18a76c9fa0d8ac43876e8 '   itemscope=\"itemscope\" itemtype=\"https:\/\/schema.org\/CreativeWork\" ><div class='avia_textblock'  itemprop=\"text\" ><h3>SO FINDEN SIE ZU UNS<\/h3>\n<\/div><\/section><br \/>\n\n<style type=\"text\/css\" data-created_by=\"avia_inline_auto\" id=\"style-css-av-lbkmd91w-830f3b0a143d27d4cc4e447ffce371b8\">\n#top .hr.hr-invisible.av-lbkmd91w-830f3b0a143d27d4cc4e447ffce371b8{\nheight:50px;\n}\n<\/style>\n<div  class='hr av-lbkmd91w-830f3b0a143d27d4cc4e447ffce371b8 hr-invisible  avia-builder-el-16  el_after_av_textblock  el_before_av_image '><span class='hr-inner '><span class=\"hr-inner-style\"><\/span><\/span><\/div><br \/>\n\n<style type=\"text\/css\" data-created_by=\"avia_inline_auto\" id=\"style-css-av-lbkm7kzw-4d0997e27d72053aa5f5e330748dd51c\">\n.avia-image-container.av-lbkm7kzw-4d0997e27d72053aa5f5e330748dd51c img.avia_image{\nbox-shadow:none;\n}\n.avia-image-container.av-lbkm7kzw-4d0997e27d72053aa5f5e330748dd51c .av-image-caption-overlay-center{\ncolor:#ffffff;\n}\n<\/style>\n<div  class='avia-image-container av-lbkm7kzw-4d0997e27d72053aa5f5e330748dd51c av-styling- avia-align-center  avia-builder-el-17  el_after_av_hr  avia-builder-el-last '   itemprop=\"image\" itemscope=\"itemscope\" itemtype=\"https:\/\/schema.org\/ImageObject\" ><div class=\"avia-image-container-inner\"><div class=\"avia-image-overlay-wrap\"><img decoding=\"async\" fetchpriority=\"high\" class='wp-image- avia-img-lazy-loading-not- avia_image ' src=\"https:\/\/gz-gs.at\/wp-content\/uploads\/2022\/12\/Judendorf@2x-1.png\" alt='' title=''   itemprop=\"thumbnailUrl\"  \/><\/div><\/div><\/div><\/p><\/div>\n<style type=\"text\/css\" data-created_by=\"avia_inline_auto\" id=\"style-css-av-l9gu0wn0-6edb122e06b64d19f2ac2f810561921f\">\n#top .hr.hr-invisible.av-l9gu0wn0-6edb122e06b64d19f2ac2f810561921f{\nheight:10px;\n}\n<\/style>\n<div  class='hr av-l9gu0wn0-6edb122e06b64d19f2ac2f810561921f hr-invisible  avia-builder-el-18  el_after_av_one_half  avia-builder-el-last '><span class='hr-inner '><span class=\"hr-inner-style\"><\/span><\/span><\/div>\n<\/div><\/div><\/div><!-- close content main div --><\/div><\/div><div id='after_section_1'  class='main_color av_default_container_wrap container_wrap sidebar_right'  ><div class='container av-section-cont-open' ><div class='template-page content  av-content-small alpha units'><div class='post-entry post-entry-type-page post-entry-3313'><div class='entry-content-wrapper clearfix'>\n","protected":false},"excerpt":{"rendered":"","protected":false},"author":1,"featured_media":0,"parent":0,"menu_order":0,"comment_status":"closed","ping_status":"closed","template":"","meta":{"footnotes":""},"class_list":["post-3313","page","type-page","status-publish","hentry"],"_links":{"self":[{"href":"https:\/\/gz-gs.at\/index.php?rest_route=\/wp\/v2\/pages\/3313","targetHints":{"allow":["GET"]}}],"collection":[{"href":"https:\/\/gz-gs.at\/index.php?rest_route=\/wp\/v2\/pages"}],"about":[{"href":"https:\/\/gz-gs.at\/index.php?rest_route=\/wp\/v2\/types\/page"}],"author":[{"embeddable":true,"href":"https:\/\/gz-gs.at\/index.php?rest_route=\/wp\/v2\/users\/1"}],"replies":[{"embeddable":true,"href":"https:\/\/gz-gs.at\/index.php?rest_route=%2Fwp%2Fv2%2Fcomments&post=3313"}],"version-history":[{"count":69,"href":"https:\/\/gz-gs.at\/index.php?rest_route=\/wp\/v2\/pages\/3313\/revisions"}],"predecessor-version":[{"id":4100,"href":"https:\/\/gz-gs.at\/index.php?rest_route=\/wp\/v2\/pages\/3313\/revisions\/4100"}],"wp:attachment":[{"href":"https:\/\/gz-gs.at\/index.php?rest_route=%2Fwp%2Fv2%2Fmedia&parent=3313"}],"curies":[{"name":"wp","href":"https:\/\/api.w.org\/{rel}","templated":true}]}}