{"id":3290,"date":"2022-09-13T12:08:08","date_gmt":"2022-09-13T10:08:08","guid":{"rendered":"https:\/\/gz-gs.at\/?page_id=3290"},"modified":"2026-04-03T11:22:24","modified_gmt":"2026-04-03T09:22:24","slug":"hausaerzte","status":"publish","type":"page","link":"https:\/\/gz-gs.at\/?page_id=3290","title":{"rendered":"Unsere \u00c4rztinnen"},"content":{"rendered":"\n<style type=\"text\/css\" data-created_by=\"avia_inline_auto\" id=\"style-css-av-1jrtvlm-5049c7dff0f123abd5f7c0c3b1f38450\">\n.avia-section.av-1jrtvlm-5049c7dff0f123abd5f7c0c3b1f38450{\nbackground-color:#f3eee9;\nbackground-image:unset;\n}\n<\/style>\n<div id='av_section_1'  class='avia-section av-1jrtvlm-5049c7dff0f123abd5f7c0c3b1f38450 main_color avia-section-default avia-no-border-styling  avia-builder-el-0  avia-builder-el-no-sibling  avia-bg-style-scroll container_wrap sidebar_right'  ><div class='container av-section-cont-open' ><main  role=\"main\" itemprop=\"mainContentOfPage\"  class='template-page content  av-content-small alpha units'><div class='post-entry post-entry-type-page post-entry-3290'><div class='entry-content-wrapper clearfix'>\n\n<style type=\"text\/css\" data-created_by=\"avia_inline_auto\" id=\"style-css-av-l9gymb1a-a24883f1ae49eebe0744d142353ac992\">\n#top .av-special-heading.av-l9gymb1a-a24883f1ae49eebe0744d142353ac992{\npadding-bottom:10px;\n}\nbody .av-special-heading.av-l9gymb1a-a24883f1ae49eebe0744d142353ac992 .av-special-heading-tag .heading-char{\nfont-size:25px;\n}\n.av-special-heading.av-l9gymb1a-a24883f1ae49eebe0744d142353ac992 .av-subheading{\nfont-size:15px;\n}\n\n@media only screen and (max-width: 479px){ \n#top #wrap_all .av-special-heading.av-l9gymb1a-a24883f1ae49eebe0744d142353ac992 .av-special-heading-tag{\nfont-size:18px;\n}\n}\n<\/style>\n<div  class='av-special-heading av-l9gymb1a-a24883f1ae49eebe0744d142353ac992 av-special-heading-h1 blockquote modern-quote  avia-builder-el-1  el_before_av_textblock  avia-builder-el-first '><h1 class='av-special-heading-tag '  itemprop=\"headline\"  >UNSERE \u00c4RZTE<\/h1><div class=\"special-heading-border\"><div class=\"special-heading-inner-border\"><\/div><\/div><\/div>\n<section  class='av_textblock_section av-l9gyneko-77b4f3d4f25a197cd655ba0aedc46418 '   itemscope=\"itemscope\" itemtype=\"https:\/\/schema.org\/CreativeWork\" ><div class='avia_textblock'  itemprop=\"text\" ><p>Im Gesundheitszentrum Gratwein-Stra\u00dfengel stehen Ihnen folgende sechs \u00c4rzt*innen f\u00fcr Allgemeinmedizin zur Verf\u00fcgung:<\/p>\n<\/div><\/section>\n<div  class='flex_column av-gfbd4q-897746d607a7bb528d2a9bc5fcf4b0ca av_one_half  avia-builder-el-3  el_after_av_textblock  el_before_av_one_half  first flex_column_div  column-top-margin'     ><style type=\"text\/css\" data-created_by=\"avia_inline_auto\" id=\"style-css-av-l9gz733n-636106afb3fe5da3ba9ea2974af099f4\">\n.avia-team-member.av-l9gz733n-636106afb3fe5da3ba9ea2974af099f4 .team-member-description{\nfont-size:16px;\n}\n.avia-team-member.av-l9gz733n-636106afb3fe5da3ba9ea2974af099f4 .team-img-container img{\nborder-style:none;\nborder-color:#ffffff;\nborder-radius:0 0 0 0;\n}\n<\/style>\n<section  class='avia-team-member av-l9gz733n-636106afb3fe5da3ba9ea2974af099f4  avia-builder-el-4  avia-builder-el-no-sibling '  itemscope=\"itemscope\" itemtype=\"https:\/\/schema.org\/Person\" ><div class=\"team-img-container\"><img decoding=\"async\" fetchpriority=\"high\" class='wp-image-4655 avia-img-lazy-loading-not-4655 avia_image avia_image_team' src=\"https:\/\/gz-gs.at\/wp-content\/uploads\/2026\/01\/Mittel-dsc4911_Andrea.jpeg\" alt='Dr. Andrea Braunendal'  itemprop=\"image\"   height=\"432\" width=\"640\" srcset=\"https:\/\/gz-gs.at\/wp-content\/uploads\/2026\/01\/Mittel-dsc4911_Andrea.jpeg 640w, https:\/\/gz-gs.at\/wp-content\/uploads\/2026\/01\/Mittel-dsc4911_Andrea-300x203.jpeg 300w\" sizes=\"(max-width: 640px) 100vw, 640px\" \/><\/div><h3 class='team-member-name '  itemprop=\"name\" >Dr. Andrea Braunendal<\/h3><div class='team-member-job-title '  itemprop=\"jobTitle\" >Fach\u00e4rztin f\u00fcr Allgemein- und Familienmedizin<\/div><div class='team-member-description '  itemprop=\"description\" ><p>Zusatzqualifikationen: Notfallmedizin, F\u00fchrerscheinuntersuchungen, Ausbildungs\u00e4rztin, Vertrags\u00e4rztin der Gemeinde Gratwein-Stra\u00dfengel f\u00fcr Totenbeschau, Schul\u00e4rztin, Feuerwehr\u00e4rztin der FFW Judendorf-Stra\u00dfengel<\/p>\n<\/div><span class='hidden team-member-affiliation'  itemprop=\"affiliation\" >Gesundheitszentrum Gratwein Strassengel<\/span><\/section><\/div><div  class='flex_column av-debne-8d0aae2248960562a632681eb6a3158f av_one_half  avia-builder-el-5  el_after_av_one_half  el_before_av_one_fourth  flex_column_div  column-top-margin'     ><style type=\"text\/css\" data-created_by=\"avia_inline_auto\" id=\"style-css-av-lbastxs1-fe0b14dd57280eaea47b46e315287ee9\">\n.avia-team-member.av-lbastxs1-fe0b14dd57280eaea47b46e315287ee9 .team-member-description{\nfont-size:16px;\n}\n<\/style>\n<section  class='avia-team-member av-lbastxs1-fe0b14dd57280eaea47b46e315287ee9  avia-builder-el-6  avia-builder-el-no-sibling '  itemscope=\"itemscope\" itemtype=\"https:\/\/schema.org\/Person\" ><div class=\"team-img-container\"><img decoding=\"async\" fetchpriority=\"high\" class='wp-image-4056 avia-img-lazy-loading-not-4056 avia_image avia_image_team' src=\"https:\/\/gz-gs.at\/wp-content\/uploads\/2022\/12\/94C_076.jpg\" alt='Dr. Veronika Polz '  itemprop=\"image\"   height=\"966\" width=\"1452\" srcset=\"https:\/\/gz-gs.at\/wp-content\/uploads\/2022\/12\/94C_076.jpg 1452w, https:\/\/gz-gs.at\/wp-content\/uploads\/2022\/12\/94C_076-300x200.jpg 300w, https:\/\/gz-gs.at\/wp-content\/uploads\/2022\/12\/94C_076-1030x685.jpg 1030w, https:\/\/gz-gs.at\/wp-content\/uploads\/2022\/12\/94C_076-768x511.jpg 768w, https:\/\/gz-gs.at\/wp-content\/uploads\/2022\/12\/94C_076-705x469.jpg 705w\" sizes=\"(max-width: 1452px) 100vw, 1452px\" \/><\/div><h3 class='team-member-name '  itemprop=\"name\" >Dr. Veronika Polz <\/h3><div class='team-member-job-title '  itemprop=\"jobTitle\" >Fach\u00e4rztin f\u00fcr Allgemein- und Familienmedizin<\/div><div class='team-member-description '  itemprop=\"description\" ><p>Zusatzqualifikationen: Ern\u00e4hrungsmedizin, Notfallmedizin, Palliativmedizin, Reisemedizin, \u00c4rztliche Wundbehandlung, Vertrags\u00e4rztin der Gemeinde Gratwein-Stra\u00dfengel f\u00fcr Totenbeschau, Schul\u00e4rztin<\/p>\n<\/div><span class='hidden team-member-affiliation'  itemprop=\"affiliation\" >Gesundheitszentrum Gratwein Strassengel<\/span><\/section><\/div><div  class='flex_column av-c9mrxm-685a2ff9bd184dbf0beafe10283b6252 av_one_fourth  avia-builder-el-7  el_after_av_one_half  el_before_av_one_half  first flex_column_div  column-top-margin'     ><\/div><div  class='flex_column av-e1eije-76b347c9a8d969485b7a2beffcd28577 av_one_half  avia-builder-el-8  el_after_av_one_fourth  el_before_av_one_fourth  flex_column_div  column-top-margin'     ><style type=\"text\/css\" data-created_by=\"avia_inline_auto\" id=\"style-css-av-l9gzc1sa-3d51a8eeb53474557cbf71e71111f1bd\">\n.avia-team-member.av-l9gzc1sa-3d51a8eeb53474557cbf71e71111f1bd .team-member-description{\nfont-size:16px;\n}\n<\/style>\n<section  class='avia-team-member av-l9gzc1sa-3d51a8eeb53474557cbf71e71111f1bd  avia-builder-el-9  avia-builder-el-no-sibling '  itemscope=\"itemscope\" itemtype=\"https:\/\/schema.org\/Person\" ><div class=\"team-img-container\"><img decoding=\"async\" fetchpriority=\"high\" class='wp-image-4137 avia-img-lazy-loading-not-4137 avia_image avia_image_team' src=\"https:\/\/gz-gs.at\/wp-content\/uploads\/2023\/01\/ellinger.jpg\" alt='Dr. Sabine Ellinger'  itemprop=\"image\"   height=\"966\" width=\"1452\" srcset=\"https:\/\/gz-gs.at\/wp-content\/uploads\/2023\/01\/ellinger.jpg 1452w, https:\/\/gz-gs.at\/wp-content\/uploads\/2023\/01\/ellinger-300x200.jpg 300w, https:\/\/gz-gs.at\/wp-content\/uploads\/2023\/01\/ellinger-1030x685.jpg 1030w, https:\/\/gz-gs.at\/wp-content\/uploads\/2023\/01\/ellinger-768x511.jpg 768w, https:\/\/gz-gs.at\/wp-content\/uploads\/2023\/01\/ellinger-705x469.jpg 705w\" sizes=\"(max-width: 1452px) 100vw, 1452px\" \/><\/div><h3 class='team-member-name '  itemprop=\"name\" >Dr. Sabine Ellinger<\/h3><div class='team-member-job-title '  itemprop=\"jobTitle\" >Fach\u00e4rztin f\u00fcr Allgemein- und Familienmedizin<\/div><div class='team-member-description '  itemprop=\"description\" ><p>Zusatzqualifikationen:<br \/>\nTherapie Aktiv \u00c4rztin, Diabetesgrundschulung, Notfallmedizin, Palliativmedizin, Geriatrie, \u00c4rztliche Wundbehandlung, F\u00fchrerscheinuntersuchungen, Vertrags\u00e4rztin der Gemeinde Gratwein-Stra\u00dfengel f\u00fcr Totenbeschau, Schul\u00e4rztin<\/p>\n<\/div><span class='hidden team-member-affiliation'  itemprop=\"affiliation\" >Gesundheitszentrum Gratwein Strassengel<\/span><\/section><\/div><div  class='flex_column av-b6f616-4150e29e82cd5176b21325a84199d9ed av_one_fourth  avia-builder-el-10  el_after_av_one_half  el_before_av_hr  flex_column_div  column-top-margin'     ><\/div>\n<style type=\"text\/css\" data-created_by=\"avia_inline_auto\" id=\"style-css-av-8loh4q-69d8768767ec1f2fe9eb55baae9cbc00\">\n#top .hr.hr-invisible.av-8loh4q-69d8768767ec1f2fe9eb55baae9cbc00{\nheight:50px;\n}\n<\/style>\n<div  class='hr av-8loh4q-69d8768767ec1f2fe9eb55baae9cbc00 hr-invisible  avia-builder-el-11  el_after_av_one_fourth  el_before_av_heading '><span class='hr-inner '><span class=\"hr-inner-style\"><\/span><\/span><\/div>\n\n<style type=\"text\/css\" data-created_by=\"avia_inline_auto\" id=\"style-css-av-lcrjabc6-1029b232a4734166d3032146b8861a88\">\n#top .av-special-heading.av-lcrjabc6-1029b232a4734166d3032146b8861a88{\npadding-bottom:10px;\n}\nbody .av-special-heading.av-lcrjabc6-1029b232a4734166d3032146b8861a88 .av-special-heading-tag .heading-char{\nfont-size:25px;\n}\n.av-special-heading.av-lcrjabc6-1029b232a4734166d3032146b8861a88 .av-subheading{\nfont-size:15px;\n}\n\n@media only screen and (max-width: 479px){ \n#top #wrap_all .av-special-heading.av-lcrjabc6-1029b232a4734166d3032146b8861a88 .av-special-heading-tag{\nfont-size:18px;\n}\n}\n<\/style>\n<div  class='av-special-heading av-lcrjabc6-1029b232a4734166d3032146b8861a88 av-special-heading-h1 blockquote modern-quote  avia-builder-el-12  el_after_av_hr  el_before_av_hr '><h1 class='av-special-heading-tag '  itemprop=\"headline\"  >Diese \u00c4rztinnen und \u00c4rzte erg\u00e4nzen unser Team als Vertretungs\u00e4rzte:<\/h1><div class=\"special-heading-border\"><div class=\"special-heading-inner-border\"><\/div><\/div><\/div>\n\n<style type=\"text\/css\" data-created_by=\"avia_inline_auto\" id=\"style-css-av-g0xqve-419e1fa2ffb796a0b1f6cf24d8cad9a6\">\n#top .hr.hr-invisible.av-g0xqve-419e1fa2ffb796a0b1f6cf24d8cad9a6{\nheight:50px;\n}\n<\/style>\n<div  class='hr av-g0xqve-419e1fa2ffb796a0b1f6cf24d8cad9a6 hr-invisible  avia-builder-el-13  el_after_av_heading  el_before_av_one_fifth '><span class='hr-inner '><span class=\"hr-inner-style\"><\/span><\/span><\/div>\n<div  class='flex_column av-e2n3h6-4685f0319e5a54f17b77b66461e85430 av_one_fifth  avia-builder-el-14  el_after_av_hr  el_before_av_one_fifth  first flex_column_div  '     ><style type=\"text\/css\" data-created_by=\"avia_inline_auto\" id=\"style-css-av-d5zgy2-3169ed4c6a12e68cc2b6913a70ff747c\">\n.avia-team-member.av-d5zgy2-3169ed4c6a12e68cc2b6913a70ff747c .team-member-description{\nfont-size:16px;\n}\n<\/style>\n<section  class='avia-team-member av-d5zgy2-3169ed4c6a12e68cc2b6913a70ff747c  avia-builder-el-15  avia-builder-el-no-sibling '  itemscope=\"itemscope\" itemtype=\"https:\/\/schema.org\/Person\" ><div class=\"team-img-container\"><img decoding=\"async\" fetchpriority=\"high\" class='wp-image-4700 avia-img-lazy-loading-not-4700 avia_image avia_image_team' src=\"https:\/\/gz-gs.at\/wp-content\/uploads\/2026\/02\/snieder_040226-300x264.jpg\" alt='Dr. Yannik Snieder'  itemprop=\"image\"   height=\"264\" width=\"300\" srcset=\"https:\/\/gz-gs.at\/wp-content\/uploads\/2026\/02\/snieder_040226-300x264.jpg 300w, https:\/\/gz-gs.at\/wp-content\/uploads\/2026\/02\/snieder_040226-1030x908.jpg 1030w, https:\/\/gz-gs.at\/wp-content\/uploads\/2026\/02\/snieder_040226-768x677.jpg 768w, https:\/\/gz-gs.at\/wp-content\/uploads\/2026\/02\/snieder_040226-1536x1354.jpg 1536w, https:\/\/gz-gs.at\/wp-content\/uploads\/2026\/02\/snieder_040226-1500x1322.jpg 1500w, https:\/\/gz-gs.at\/wp-content\/uploads\/2026\/02\/snieder_040226-705x621.jpg 705w, https:\/\/gz-gs.at\/wp-content\/uploads\/2026\/02\/snieder_040226.jpg 2031w\" sizes=\"(max-width: 300px) 100vw, 300px\" \/><\/div><h3 class='team-member-name '  itemprop=\"name\" >Dr. Yannik Snieder<\/h3><span class='hidden team-member-affiliation'  itemprop=\"affiliation\" >Gesundheitszentrum Gratwein Strassengel<\/span><\/section><\/div><div  class='flex_column av-b6jvsa-449775739c946c3a29f913a797a6e150 av_one_fifth  avia-builder-el-16  el_after_av_one_fifth  el_before_av_one_fifth  flex_column_div  '     ><style type=\"text\/css\" data-created_by=\"avia_inline_auto\" id=\"style-css-av-8ud6ui-9e3dc494eafbf43c371145a820cd9271\">\n.avia-team-member.av-8ud6ui-9e3dc494eafbf43c371145a820cd9271 .team-member-description{\nfont-size:16px;\n}\n<\/style>\n<section  class='avia-team-member av-8ud6ui-9e3dc494eafbf43c371145a820cd9271  avia-builder-el-17  avia-builder-el-no-sibling '  itemscope=\"itemscope\" itemtype=\"https:\/\/schema.org\/Person\" ><div class=\"team-img-container\"><img decoding=\"async\" fetchpriority=\"high\" class='wp-image-4698 avia-img-lazy-loading-not-4698 avia_image avia_image_team' src=\"https:\/\/gz-gs.at\/wp-content\/uploads\/2026\/02\/schmidt_040226-300x258.jpg\" alt='Dr. Stephan Schmidt'  itemprop=\"image\"   height=\"258\" width=\"300\" srcset=\"https:\/\/gz-gs.at\/wp-content\/uploads\/2026\/02\/schmidt_040226-300x258.jpg 300w, https:\/\/gz-gs.at\/wp-content\/uploads\/2026\/02\/schmidt_040226-1030x886.jpg 1030w, https:\/\/gz-gs.at\/wp-content\/uploads\/2026\/02\/schmidt_040226-768x661.jpg 768w, https:\/\/gz-gs.at\/wp-content\/uploads\/2026\/02\/schmidt_040226-1536x1322.jpg 1536w, https:\/\/gz-gs.at\/wp-content\/uploads\/2026\/02\/schmidt_040226-1500x1291.jpg 1500w, https:\/\/gz-gs.at\/wp-content\/uploads\/2026\/02\/schmidt_040226-705x607.jpg 705w, https:\/\/gz-gs.at\/wp-content\/uploads\/2026\/02\/schmidt_040226.jpg 2031w\" sizes=\"(max-width: 300px) 100vw, 300px\" \/><\/div><h3 class='team-member-name '  itemprop=\"name\" >Dr. Stephan Schmidt<\/h3><span class='hidden team-member-affiliation'  itemprop=\"affiliation\" >Gesundheitszentrum Gratwein Strassengel<\/span><\/section><\/div><div  class='flex_column av-7dgm16-dcca088895788def778c15c2ccbf94e5 av_one_fifth  avia-builder-el-18  el_after_av_one_fifth  el_before_av_one_fifth  flex_column_div  '     ><style type=\"text\/css\" data-created_by=\"avia_inline_auto\" id=\"style-css-av-6d5ta2-912d17ec4381668d4ef9349fead7a7a6\">\n.avia-team-member.av-6d5ta2-912d17ec4381668d4ef9349fead7a7a6 .team-member-description{\nfont-size:16px;\n}\n<\/style>\n<section  class='avia-team-member av-6d5ta2-912d17ec4381668d4ef9349fead7a7a6  avia-builder-el-19  avia-builder-el-no-sibling '  itemscope=\"itemscope\" itemtype=\"https:\/\/schema.org\/Person\" ><div class=\"team-img-container\"><img decoding=\"async\" fetchpriority=\"high\" class='wp-image-4699 avia-img-lazy-loading-not-4699 avia_image avia_image_team' src=\"https:\/\/gz-gs.at\/wp-content\/uploads\/2026\/02\/schoener_040226-300x279.jpg\" alt='Dr. Laura Sch\u00f6ner'  itemprop=\"image\"   height=\"279\" width=\"300\" srcset=\"https:\/\/gz-gs.at\/wp-content\/uploads\/2026\/02\/schoener_040226-300x279.jpg 300w, https:\/\/gz-gs.at\/wp-content\/uploads\/2026\/02\/schoener_040226-1030x958.jpg 1030w, https:\/\/gz-gs.at\/wp-content\/uploads\/2026\/02\/schoener_040226-768x715.jpg 768w, https:\/\/gz-gs.at\/wp-content\/uploads\/2026\/02\/schoener_040226-1536x1429.jpg 1536w, https:\/\/gz-gs.at\/wp-content\/uploads\/2026\/02\/schoener_040226-1500x1396.jpg 1500w, https:\/\/gz-gs.at\/wp-content\/uploads\/2026\/02\/schoener_040226-705x656.jpg 705w, https:\/\/gz-gs.at\/wp-content\/uploads\/2026\/02\/schoener_040226.jpg 2031w\" sizes=\"(max-width: 300px) 100vw, 300px\" \/><\/div><h3 class='team-member-name '  itemprop=\"name\" >Dr. Laura Sch\u00f6ner<\/h3><span class='hidden team-member-affiliation'  itemprop=\"affiliation\" >Gesundheitszentrum Gratwein Strassengel<\/span><\/section><\/div><div  class='flex_column av-3kx25m-7d2e7e0a3db24c29940e0b4d88f988f4 av_one_fifth  avia-builder-el-20  el_after_av_one_fifth  el_before_av_one_fifth  flex_column_div  '     ><style type=\"text\/css\" data-created_by=\"avia_inline_auto\" id=\"style-css-av-2yu3bu-eceb04bc90751205075f5fa4a6eddb96\">\n.avia-team-member.av-2yu3bu-eceb04bc90751205075f5fa4a6eddb96 .team-member-description{\nfont-size:16px;\n}\n<\/style>\n<section  class='avia-team-member av-2yu3bu-eceb04bc90751205075f5fa4a6eddb96  avia-builder-el-21  avia-builder-el-no-sibling '  itemscope=\"itemscope\" itemtype=\"https:\/\/schema.org\/Person\" ><div class=\"team-img-container\"><img decoding=\"async\" fetchpriority=\"high\" class='wp-image-4697 avia-img-lazy-loading-not-4697 avia_image avia_image_team' src=\"https:\/\/gz-gs.at\/wp-content\/uploads\/2026\/02\/kaufmann_040226-300x252.jpg\" alt='Dr. Florian Kaufmann'  itemprop=\"image\"   height=\"252\" width=\"300\" srcset=\"https:\/\/gz-gs.at\/wp-content\/uploads\/2026\/02\/kaufmann_040226-300x252.jpg 300w, https:\/\/gz-gs.at\/wp-content\/uploads\/2026\/02\/kaufmann_040226-1030x865.jpg 1030w, https:\/\/gz-gs.at\/wp-content\/uploads\/2026\/02\/kaufmann_040226-768x645.jpg 768w, https:\/\/gz-gs.at\/wp-content\/uploads\/2026\/02\/kaufmann_040226-1536x1289.jpg 1536w, https:\/\/gz-gs.at\/wp-content\/uploads\/2026\/02\/kaufmann_040226-1500x1259.jpg 1500w, https:\/\/gz-gs.at\/wp-content\/uploads\/2026\/02\/kaufmann_040226-705x592.jpg 705w, https:\/\/gz-gs.at\/wp-content\/uploads\/2026\/02\/kaufmann_040226.jpg 2031w\" sizes=\"(max-width: 300px) 100vw, 300px\" \/><\/div><h3 class='team-member-name '  itemprop=\"name\" >Dr. Florian Kaufmann<\/h3><span class='hidden team-member-affiliation'  itemprop=\"affiliation\" >Gesundheitszentrum Gratwein Strassengel<\/span><\/section><\/div><div  class='flex_column av-24eube-6a044783f481e7ab72de40bded5b8448 av_one_fifth  avia-builder-el-22  el_after_av_one_fifth  el_before_av_hr  flex_column_div  '     ><style type=\"text\/css\" data-created_by=\"avia_inline_auto\" id=\"style-css-av-mmlnxuij-8f7085f416c59ac1480a34520309ca7e\">\n.avia-team-member.av-mmlnxuij-8f7085f416c59ac1480a34520309ca7e .team-member-description{\nfont-size:16px;\n}\n<\/style>\n<section  class='avia-team-member av-mmlnxuij-8f7085f416c59ac1480a34520309ca7e  avia-builder-el-23  avia-builder-el-no-sibling '  itemscope=\"itemscope\" itemtype=\"https:\/\/schema.org\/Person\" ><div class=\"team-img-container\"><img decoding=\"async\" fetchpriority=\"high\" class='wp-image-4708 avia-img-lazy-loading-not-4708 avia_image avia_image_team' src=\"https:\/\/gz-gs.at\/wp-content\/uploads\/2026\/03\/Haas_Romana_100326-296x300.jpeg\" alt='Dr. Romana Haas'  itemprop=\"image\"   height=\"300\" width=\"296\" srcset=\"https:\/\/gz-gs.at\/wp-content\/uploads\/2026\/03\/Haas_Romana_100326-296x300.jpeg 296w, https:\/\/gz-gs.at\/wp-content\/uploads\/2026\/03\/Haas_Romana_100326-1018x1030.jpeg 1018w, https:\/\/gz-gs.at\/wp-content\/uploads\/2026\/03\/Haas_Romana_100326-80x80.jpeg 80w, https:\/\/gz-gs.at\/wp-content\/uploads\/2026\/03\/Haas_Romana_100326-768x777.jpeg 768w, https:\/\/gz-gs.at\/wp-content\/uploads\/2026\/03\/Haas_Romana_100326-1518x1536.jpeg 1518w, https:\/\/gz-gs.at\/wp-content\/uploads\/2026\/03\/Haas_Romana_100326-2024x2048.jpeg 2024w, https:\/\/gz-gs.at\/wp-content\/uploads\/2026\/03\/Haas_Romana_100326-36x36.jpeg 36w, https:\/\/gz-gs.at\/wp-content\/uploads\/2026\/03\/Haas_Romana_100326-1482x1500.jpeg 1482w, https:\/\/gz-gs.at\/wp-content\/uploads\/2026\/03\/Haas_Romana_100326-697x705.jpeg 697w, https:\/\/gz-gs.at\/wp-content\/uploads\/2026\/03\/Haas_Romana_100326.jpeg 2031w\" sizes=\"(max-width: 296px) 100vw, 296px\" \/><\/div><h3 class='team-member-name '  itemprop=\"name\" >Dr. Romana Haas<\/h3><span class='hidden team-member-affiliation'  itemprop=\"affiliation\" >Gesundheitszentrum Gratwein Strassengel<\/span><\/section><\/div>\n<style type=\"text\/css\" data-created_by=\"avia_inline_auto\" id=\"style-css-av-lcrjbp6c-a6aa634322b4c9d2d513943725f2032f\">\n#top .hr.hr-invisible.av-lcrjbp6c-a6aa634322b4c9d2d513943725f2032f{\nheight:50px;\n}\n<\/style>\n<div  class='hr av-lcrjbp6c-a6aa634322b4c9d2d513943725f2032f hr-invisible  avia-builder-el-24  el_after_av_one_fifth  el_before_av_heading '><span class='hr-inner '><span class=\"hr-inner-style\"><\/span><\/span><\/div>\n\n<style type=\"text\/css\" data-created_by=\"avia_inline_auto\" id=\"style-css-av-mhdbhwyi-2c123581e25a66068dfc1eacb5c3a723\">\n#top .av-special-heading.av-mhdbhwyi-2c123581e25a66068dfc1eacb5c3a723{\npadding-bottom:10px;\n}\nbody .av-special-heading.av-mhdbhwyi-2c123581e25a66068dfc1eacb5c3a723 .av-special-heading-tag .heading-char{\nfont-size:25px;\n}\n.av-special-heading.av-mhdbhwyi-2c123581e25a66068dfc1eacb5c3a723 .av-subheading{\nfont-size:15px;\n}\n\n@media only screen and (max-width: 479px){ \n#top #wrap_all .av-special-heading.av-mhdbhwyi-2c123581e25a66068dfc1eacb5c3a723 .av-special-heading-tag{\nfont-size:18px;\n}\n}\n<\/style>\n<div  class='av-special-heading av-mhdbhwyi-2c123581e25a66068dfc1eacb5c3a723 av-special-heading-h1 blockquote modern-quote  avia-builder-el-25  el_after_av_hr  el_before_av_hr '><h1 class='av-special-heading-tag '  itemprop=\"headline\"  >Diese \u00c4rztinnen und \u00c4rzte sind als Turnus\u00e4rzt*innen bei uns in Ausbildung:<\/h1><div class=\"special-heading-border\"><div class=\"special-heading-inner-border\"><\/div><\/div><\/div>\n\n<style type=\"text\/css\" data-created_by=\"avia_inline_auto\" id=\"style-css-av-5tfq0a-62554b2fa3be74b326b80f3bec043184\">\n#top .hr.hr-invisible.av-5tfq0a-62554b2fa3be74b326b80f3bec043184{\nheight:50px;\n}\n<\/style>\n<div  class='hr av-5tfq0a-62554b2fa3be74b326b80f3bec043184 hr-invisible  avia-builder-el-26  el_after_av_heading  el_before_av_one_third '><span class='hr-inner '><span class=\"hr-inner-style\"><\/span><\/span><\/div>\n<div  class='flex_column av-4k7um2-7d2d7eb68df5e19c893437de3e2cd12a av_one_third  avia-builder-el-27  el_after_av_hr  el_before_av_one_third  first flex_column_div  '     ><\/div><div  class='flex_column av-5763ze-4f1237e571f238ab8506872a45cc1492 av_one_third  avia-builder-el-28  el_after_av_one_third  el_before_av_one_third  flex_column_div  '     ><style type=\"text\/css\" data-created_by=\"avia_inline_auto\" id=\"style-css-av-4cjsca-e044c33b75fae8dc4d4e1c1f9030918b\">\n.avia-team-member.av-4cjsca-e044c33b75fae8dc4d4e1c1f9030918b .team-member-description{\nfont-size:16px;\n}\n<\/style>\n<section  class='avia-team-member av-4cjsca-e044c33b75fae8dc4d4e1c1f9030918b  avia-builder-el-29  avia-builder-el-no-sibling '  itemscope=\"itemscope\" itemtype=\"https:\/\/schema.org\/Person\" ><div class=\"team-img-container\"><img decoding=\"async\" fetchpriority=\"high\" class='wp-image-4143 avia-img-lazy-loading-not-4143 avia_image avia_image_team' src=\"https:\/\/gz-gs.at\/wp-content\/uploads\/2023\/01\/Avatar-Mann-300x200.jpg\" alt='Dr. Alex M\u00fcller-Aichbauer'  itemprop=\"image\"   height=\"200\" width=\"300\" srcset=\"https:\/\/gz-gs.at\/wp-content\/uploads\/2023\/01\/Avatar-Mann-300x200.jpg 300w, https:\/\/gz-gs.at\/wp-content\/uploads\/2023\/01\/Avatar-Mann-1030x685.jpg 1030w, https:\/\/gz-gs.at\/wp-content\/uploads\/2023\/01\/Avatar-Mann-768x511.jpg 768w, https:\/\/gz-gs.at\/wp-content\/uploads\/2023\/01\/Avatar-Mann-705x469.jpg 705w, https:\/\/gz-gs.at\/wp-content\/uploads\/2023\/01\/Avatar-Mann.jpg 1452w\" sizes=\"(max-width: 300px) 100vw, 300px\" \/><\/div><h3 class='team-member-name '  itemprop=\"name\" >Dr. Alex M\u00fcller-Aichbauer<\/h3><span class='hidden team-member-affiliation'  itemprop=\"affiliation\" >Gesundheitszentrum Gratwein Strassengel<\/span><\/section><\/div><div  class='flex_column av-30k8ze-fdda06815aaf9b093a2b134c569269de av_one_third  avia-builder-el-30  el_after_av_one_third  avia-builder-el-last  flex_column_div  '     ><\/div><\/div><\/div><\/main><!-- close content main element --><\/div><\/div><div id='after_section_1'  class='main_color av_default_container_wrap container_wrap sidebar_right'  ><div class='container av-section-cont-open' ><div class='template-page content  av-content-small alpha units'><div class='post-entry post-entry-type-page post-entry-3290'><div class='entry-content-wrapper clearfix'>\n","protected":false},"excerpt":{"rendered":"","protected":false},"author":1,"featured_media":0,"parent":0,"menu_order":0,"comment_status":"closed","ping_status":"closed","template":"","meta":{"footnotes":""},"class_list":["post-3290","page","type-page","status-publish","hentry"],"_links":{"self":[{"href":"https:\/\/gz-gs.at\/index.php?rest_route=\/wp\/v2\/pages\/3290","targetHints":{"allow":["GET"]}}],"collection":[{"href":"https:\/\/gz-gs.at\/index.php?rest_route=\/wp\/v2\/pages"}],"about":[{"href":"https:\/\/gz-gs.at\/index.php?rest_route=\/wp\/v2\/types\/page"}],"author":[{"embeddable":true,"href":"https:\/\/gz-gs.at\/index.php?rest_route=\/wp\/v2\/users\/1"}],"replies":[{"embeddable":true,"href":"https:\/\/gz-gs.at\/index.php?rest_route=%2Fwp%2Fv2%2Fcomments&post=3290"}],"version-history":[{"count":53,"href":"https:\/\/gz-gs.at\/index.php?rest_route=\/wp\/v2\/pages\/3290\/revisions"}],"predecessor-version":[{"id":4712,"href":"https:\/\/gz-gs.at\/index.php?rest_route=\/wp\/v2\/pages\/3290\/revisions\/4712"}],"wp:attachment":[{"href":"https:\/\/gz-gs.at\/index.php?rest_route=%2Fwp%2Fv2%2Fmedia&parent=3290"}],"curies":[{"name":"wp","href":"https:\/\/api.w.org\/{rel}","templated":true}]}}