{"id":3,"date":"2022-09-08T13:50:35","date_gmt":"2022-09-08T11:50:35","guid":{"rendered":"http:\/\/gz-gs.at\/?page_id=3"},"modified":"2022-10-20T14:36:29","modified_gmt":"2022-10-20T12:36:29","slug":"datenschutzerklaerung","status":"publish","type":"page","link":"https:\/\/gz-gs.at\/?page_id=3","title":{"rendered":"Datenschutzerkl\u00e4rung"},"content":{"rendered":"\n<style type=\"text\/css\" data-created_by=\"avia_inline_auto\" id=\"style-css-av-o1pd-bdd5c590f73a0bbbc1093b75e0aacd08\">\n.avia-section.av-o1pd-bdd5c590f73a0bbbc1093b75e0aacd08{\nbackground-color:#f3eee9;\nbackground-image:unset;\n}\n<\/style>\n<div id='av_section_1'  class='avia-section av-o1pd-bdd5c590f73a0bbbc1093b75e0aacd08 main_color avia-section-default avia-no-border-styling  avia-builder-el-0  avia-builder-el-no-sibling  avia-bg-style-scroll container_wrap sidebar_right'  ><div class='container av-section-cont-open' ><main  role=\"main\" itemprop=\"mainContentOfPage\"  class='template-page content  av-content-small alpha units'><div class='post-entry post-entry-type-page post-entry-3'><div class='entry-content-wrapper clearfix'>\n<section  class='av_textblock_section av-l9h1q76s-4179a27dff912445b54f0e6c63a78fac '   itemscope=\"itemscope\" itemtype=\"https:\/\/schema.org\/CreativeWork\" ><div class='avia_textblock'  itemprop=\"text\" ><p>IMPRESSUM<\/p>\n<p>Wer wir sind<\/p>\n<p>+++<\/p>\n<p>Die Adresse unserer Website ist: https:\/\/gz-gs.at.<\/p>\n<p>Kommentare<\/p>\n<p>Wenn Besucher Kommentare auf der Website schreiben, sammeln wir die Daten, die im Kommentar-Formular angezeigt werden, au\u00dferdem die IP-Adresse des Besuchers und den User-Agent-String (damit wird der Browser identifiziert), um die Erkennung von Spam zu unterst\u00fctzen.<\/p>\n<p>Aus deiner E-Mail-Adresse kann eine anonymisierte Zeichenfolge erstellt (auch Hash genannt) und dem Gravatar-Dienst \u00fcbergeben werden, um zu pr\u00fcfen, ob du diesen benutzt. Die Datenschutzerkl\u00e4rung des Gravatar-Dienstes findest du hier: https:\/\/automattic.com\/privacy\/. Nachdem dein Kommentar freigegeben wurde, ist dein Profilbild \u00f6ffentlich im Kontext deines Kommentars sichtbar.<\/p>\n<p>Medien<\/p>\n<p>Wenn du ein registrierter Benutzer bist und Fotos auf diese Website l\u00e4dst, solltest du vermeiden, Fotos mit einem EXIF-GPS-Standort hochzuladen. Besucher dieser Website k\u00f6nnten Fotos, die auf dieser Website gespeichert sind, herunterladen und deren Standort-Informationen extrahieren.<\/p>\n<p>Cookies<\/p>\n<p>Wenn du einen Kommentar auf unserer Website schreibst, kann das eine Einwilligung sein, deinen Namen, E-Mail-Adresse und Website in Cookies zu speichern. Dies ist eine Komfortfunktion, damit du nicht, wenn du einen weiteren Kommentar schreibst, all diese Daten erneut eingeben musst. Diese Cookies werden ein Jahr lang gespeichert.<\/p>\n<p>Falls du ein Konto hast und dich auf dieser Website anmeldest, werden wir ein tempor\u00e4res Cookie setzen, um festzustellen, ob dein Browser Cookies akzeptiert. Dieses Cookie enth\u00e4lt keine personenbezogenen Daten und wird verworfen, wenn du deinen Browser schlie\u00dft.<\/p>\n<p>Wenn du dich anmeldest, werden wir einige Cookies einrichten, um deine Anmeldeinformationen und Anzeigeoptionen zu speichern. Anmelde-Cookies verfallen nach zwei Tagen und Cookies f\u00fcr die Anzeigeoptionen nach einem Jahr. Falls du bei der Anmeldung \u201eAngemeldet bleiben\u201c ausw\u00e4hlst, wird deine Anmeldung zwei Wochen lang aufrechterhalten. Mit der Abmeldung aus deinem Konto werden die Anmelde-Cookies gel\u00f6scht.<\/p>\n<p>Wenn du einen Artikel bearbeitest oder ver\u00f6ffentlichst, wird ein zus\u00e4tzlicher Cookie in deinem Browser gespeichert. Dieser Cookie enth\u00e4lt keine personenbezogenen Daten und verweist nur auf die Beitrags-ID des Artikels, den du gerade bearbeitet hast. Der Cookie verf\u00e4llt nach einem Tag.<\/p>\n<p>Eingebettete Inhalte von anderen Websites<\/p>\n<p>Beitr\u00e4ge auf dieser Website k\u00f6nnen eingebettete Inhalte beinhalten (z.\u00a0B. Videos, Bilder, Beitr\u00e4ge etc.). Eingebettete Inhalte von anderen Websites verhalten sich exakt so, als ob der Besucher die andere Website besucht h\u00e4tte.<\/p>\n<p>Diese Websites k\u00f6nnen Daten \u00fcber dich sammeln, Cookies benutzen, zus\u00e4tzliche Tracking-Dienste von Dritten einbetten und deine Interaktion mit diesem eingebetteten Inhalt aufzeichnen, inklusive deiner Interaktion mit dem eingebetteten Inhalt, falls du ein Konto hast und auf dieser Website angemeldet bist.<\/p>\n<p>Mit wem wir deine Daten teilen<\/p>\n<p>Wenn du eine Zur\u00fccksetzung des Passworts beantragst, wird deine IP-Adresse in der E-Mail zur Zur\u00fccksetzung enthalten sein.<\/p>\n<p>Wie lange wir deine Daten speichern<\/p>\n<p>Wenn du einen Kommentar schreibst, wird dieser inklusive Metadaten zeitlich unbegrenzt gespeichert. Auf diese Art k\u00f6nnen wir Folgekommentare automatisch erkennen und freigeben, anstatt sie in einer Moderations-Warteschlange festzuhalten.<\/p>\n<p>F\u00fcr Benutzer, die sich auf unserer Website registrieren, speichern wir zus\u00e4tzlich die pers\u00f6nlichen Informationen, die sie in ihren Benutzerprofilen angeben. Alle Benutzer k\u00f6nnen jederzeit ihre pers\u00f6nlichen Informationen einsehen, ver\u00e4ndern oder l\u00f6schen (der Benutzername kann nicht ver\u00e4ndert werden). Administratoren der Website k\u00f6nnen diese Informationen ebenfalls einsehen und ver\u00e4ndern.<\/p>\n<p>Welche Rechte du an deinen Daten hast<\/p>\n<p>Wenn du ein Konto auf dieser Website besitzt oder Kommentare geschrieben hast, kannst du einen Export deiner personenbezogenen Daten bei uns anfordern, inklusive aller Daten, die du uns mitgeteilt hast. Dar\u00fcber hinaus kannst du die L\u00f6schung aller personenbezogenen Daten, die wir von dir gespeichert haben, anfordern. Dies umfasst nicht die Daten, die wir aufgrund administrativer, rechtlicher oder sicherheitsrelevanter Notwendigkeiten aufbewahren m\u00fcssen.<\/p>\n<p>Where your data is sent<\/p>\n<p>Besucher-Kommentare k\u00f6nnten von einem automatisierten Dienst zur Spam-Erkennung untersucht werden.<\/p>\n<\/div><\/section>\n<div  class='hr av-mbq9-25f72e185aa2385e192875186ff0fe15 hr-default  avia-builder-el-2  el_after_av_textblock  el_before_av_two_third '><span class='hr-inner '><span class=\"hr-inner-style\"><\/span><\/span><\/div>\n<div  class='flex_column av-krqz-ef7def8bf4a1ac669fc83b3400bd3f0d av_two_third  avia-builder-el-3  el_after_av_hr  el_before_av_one_third  first flex_column_div  '     ><section  class='av_textblock_section av-iz9b-ac10e5701afbb2394f84c1ee42692b7e '   itemscope=\"itemscope\" itemtype=\"https:\/\/schema.org\/CreativeWork\" ><div class='avia_textblock'  itemprop=\"text\" ><h2 style=\"padding-left: 120px;\"><span style=\"color: #ffb928;\">ALLE KASSEN<\/span><\/h2>\n<\/div><\/section><br \/>\n\n<style type=\"text\/css\" data-created_by=\"avia_inline_auto\" id=\"style-css-av-fzzx-1ed5a0b7715833324499caf9cbd7ec22\">\n#top .hr.hr-invisible.av-fzzx-1ed5a0b7715833324499caf9cbd7ec22{\nheight:40px;\n}\n<\/style>\n<div  class='hr av-fzzx-1ed5a0b7715833324499caf9cbd7ec22 hr-invisible  avia-builder-el-5  el_after_av_textblock  el_before_av_textblock '><span class='hr-inner '><span class=\"hr-inner-style\"><\/span><\/span><\/div><br \/>\n<section  class='av_textblock_section av-e91j-56fafd9ec61d2ebbb84d7b24fabb6e00 '   itemscope=\"itemscope\" itemtype=\"https:\/\/schema.org\/CreativeWork\" ><div class='avia_textblock'  itemprop=\"text\" ><div class=\"textwidget\">\n<h3><img decoding=\"async\" class=\"alignleft wp-image-3198\" src=\"https:\/\/gz-gs.at\/wp-content\/uploads\/2022\/09\/Element-3.svg\" alt=\"\" width=\"70\" \/><\/h3>\n<h3 style=\"padding-left: 120px;\">\u00d6ffnungszeiten<\/h3>\n<p style=\"padding-left: 120px;\">Mo \u2013 Fr: 7 \u2013 13 Uhr \u00a0\u00a0 I\u00a0\u00a0\u00a0\u00a0 Mo \u2013 Do: 16 \u2013 18.30 Uhr<\/p>\n<\/div>\n<\/div><\/section><br \/>\n\n<style type=\"text\/css\" data-created_by=\"avia_inline_auto\" id=\"style-css-av-cufv-a1a20f5cd334e489c84162690f713e78\">\n#top .hr.hr-invisible.av-cufv-a1a20f5cd334e489c84162690f713e78{\nheight:40px;\n}\n<\/style>\n<div  class='hr av-cufv-a1a20f5cd334e489c84162690f713e78 hr-invisible  avia-builder-el-7  el_after_av_textblock  el_before_av_textblock '><span class='hr-inner '><span class=\"hr-inner-style\"><\/span><\/span><\/div><br \/>\n<section  class='av_textblock_section av-a6td-c1e80a48e5f75a8a3e972a63b924d980 '   itemscope=\"itemscope\" itemtype=\"https:\/\/schema.org\/CreativeWork\" ><div class='avia_textblock'  itemprop=\"text\" ><div class=\"textwidget\">\n<h3><img decoding=\"async\" class=\"alignleft wp-image-3199\" src=\"https:\/\/gz-gs.at\/wp-content\/uploads\/2022\/09\/Element-2.svg\" alt=\"\" width=\"70\" \/><\/h3>\n<\/div>\n<div class=\"textwidget\">\n<h3><\/h3>\n<h3 style=\"padding-left: 120px;\">Erreichbarkeit<b><br \/>\n<\/b><\/h3>\n<p style=\"padding-left: 120px;\">Telefon: 03124 51 845 \u00a0\u00a0\u00a0 I\u00a0\u00a0\u00a0\u00a0 Fax: 03124 51 845 20<\/p>\n<\/div>\n<\/div><\/section><\/p><\/div><div  class='flex_column av-7gwx-242e389d9ed365a6db32fc2ad1ad6f85 av_one_third  avia-builder-el-9  el_after_av_two_third  el_before_av_textblock  flex_column_div  '     ><section  class='av_textblock_section av-5rhj-e2e4e74af4acf51c15d75a0faa297e7c '   itemscope=\"itemscope\" itemtype=\"https:\/\/schema.org\/CreativeWork\" ><div class='avia_textblock'  itemprop=\"text\" ><p style=\"text-align: center;\"><img decoding=\"async\" class=\"aligncenter wp-image-3197\" src=\"https:\/\/gz-gs.at\/wp-content\/uploads\/2022\/09\/Element-1.svg\" alt=\"\" width=\"70\" \/><\/p>\n<h3 style=\"text-align: center;\">Judendorf<\/h3>\n<p style=\"text-align: center;\">Gratweinerstra\u00dfe 17<br \/>\n8111 Gratwein-Stra\u00dfengel<\/p>\n<h3 style=\"text-align: center;\">Gratwein<\/h3>\n<p style=\"text-align: center;\">Stallhofstra\u00dfe 24<br \/>\n8112 Gratwein-Stra\u00dfengel<\/p>\n<\/div><\/section><\/div><section  class='av_textblock_section av-44yb-5c1be8f10fc911c71bd64a4a2229659c '   itemscope=\"itemscope\" itemtype=\"https:\/\/schema.org\/CreativeWork\" ><div class='avia_textblock'  itemprop=\"text\" ><h5><a href=\"https:\/\/gz-gs.at\/?page_id=3\">IMPRESSUM &#038;\u00a0DATENSCHUTZ<\/a><\/h5>\n<\/div><\/section>\n<\/div><\/div><\/main><!-- close content main element --><\/div><\/div><div id='after_section_1'  class='main_color av_default_container_wrap container_wrap sidebar_right'  ><div class='container av-section-cont-open' ><div class='template-page content  av-content-small alpha units'><div class='post-entry post-entry-type-page post-entry-3'><div class='entry-content-wrapper clearfix'>\n","protected":false},"excerpt":{"rendered":"","protected":false},"author":1,"featured_media":0,"parent":0,"menu_order":0,"comment_status":"closed","ping_status":"closed","template":"","meta":{"footnotes":""},"class_list":["post-3","page","type-page","status-publish","hentry"],"_links":{"self":[{"href":"https:\/\/gz-gs.at\/index.php?rest_route=\/wp\/v2\/pages\/3","targetHints":{"allow":["GET"]}}],"collection":[{"href":"https:\/\/gz-gs.at\/index.php?rest_route=\/wp\/v2\/pages"}],"about":[{"href":"https:\/\/gz-gs.at\/index.php?rest_route=\/wp\/v2\/types\/page"}],"author":[{"embeddable":true,"href":"https:\/\/gz-gs.at\/index.php?rest_route=\/wp\/v2\/users\/1"}],"replies":[{"embeddable":true,"href":"https:\/\/gz-gs.at\/index.php?rest_route=%2Fwp%2Fv2%2Fcomments&post=3"}],"version-history":[{"count":3,"href":"https:\/\/gz-gs.at\/index.php?rest_route=\/wp\/v2\/pages\/3\/revisions"}],"predecessor-version":[{"id":3787,"href":"https:\/\/gz-gs.at\/index.php?rest_route=\/wp\/v2\/pages\/3\/revisions\/3787"}],"wp:attachment":[{"href":"https:\/\/gz-gs.at\/index.php?rest_route=%2Fwp%2Fv2%2Fmedia&parent=3"}],"curies":[{"name":"wp","href":"https:\/\/api.w.org\/{rel}","templated":true}]}}